{"id":5771,"date":"2024-01-17T11:58:00","date_gmt":"2024-01-17T10:58:00","guid":{"rendered":"https:\/\/studiodelikatessen.art\/studio-delikatessen\/"},"modified":"2024-11-25T15:09:50","modified_gmt":"2024-11-25T14:09:50","slug":"studio-delikatessen","status":"publish","type":"page","link":"https:\/\/studiodelikatessen.art\/fr\/","title":{"rendered":"Studio Delikatessen"},"content":{"rendered":"<div class=\"wpb-content-wrapper\">[vc_row section_back_opt=&#8221;section_color_custom&#8221; opt_background_color=&#8221;#000000&#8243; sec_text_color_opt=&#8221;text-color-white&#8221; sec_text_align_opt=&#8221;text-center&#8221;][vc_column][wr_vc_titles title_tag=&#8221;h2&#8243; title_style=&#8221;headline-m&#8221; title_color=&#8221;text-color-white&#8221; padding_bottom=&#8221;padding-bottom-10&#8243;][wr_vc_title title=&#8221;`{`span`}`DE L&#8217;ART POUR LE MARKETING`{`\/span`}`&#8221; animation_delay=&#8221;01&#8243;][wr_vc_title title=&#8221;`{`span`}`ET LA CULTURE`{`\/span`}`&#8221; animation_delay=&#8221;01&#8243;][\/wr_vc_titles][vc_column_text][\/vc_column_text][wr_vc_titles title_tag=&#8221;h2&#8243; title_style=&#8221;headline-xxs&#8221; title_color=&#8221;text-color-white&#8221; padding_bottom=&#8221;padding-bottom-10&#8243;][wr_vc_title title=&#8221;Nous concevons et produisons des environnements immersifs et des objets uniques pour les marques et \u00e9v\u00e9nements culturels.&#8221; animation_delay=&#8221;02&#8243;][\/wr_vc_titles][\/vc_column][\/vc_row][vc_row section_back_opt=&#8221;section-bg-dark-1&#8243; sec_text_color_opt=&#8221;text-color-white&#8221;][vc_column][vc_row_inner][vc_column_inner][wr_vc_titles title_style=&#8221;headline-m&#8221; padding_bottom=&#8221;padding-bottom-60&#8243;][wr_vc_title title=&#8221;Notre ADN&#8221; animation_delay=&#8221;00&#8243;][\/wr_vc_titles][\/vc_column_inner][\/vc_row_inner][vc_row_inner css=&#8221;.vc_custom_1719911159028{padding-bottom: 3% !important;}&#8221;][vc_column_inner width=&#8221;1\/3&#8243;][wr_vc_titles text_align=&#8221;text-left&#8221; title_style=&#8221;headline-xs&#8221; title_color=&#8221;text-color-white&#8221; padding_top=&#8221;padding-top-60&#8243; padding_bottom=&#8221;padding-bottom-30&#8243;][wr_vc_title title=&#8221;`{`span`}`EXCELLENCE &amp; EXPRESSION`{`\/span`}`&#8221; animation_delay=&#8221;01&#8243;][\/wr_vc_titles]<div class=\"column-100-100 anim-overlay js-scrollanim no-padding-top no-padding-bottom\">\n\t\t\t\t<a href=\"https:\/\/studiodelikatessen.art\/wp-content\/uploads\/2024\/06\/DNA1_ok.jpg\" class=\" d-block js-pointer-zoom js-photo-popup\">\n\t\t\t\t<img decoding=\"async\" src=\"https:\/\/studiodelikatessen.art\/wp-content\/uploads\/2024\/06\/DNA1_ok.jpg\" alt=\"DNA1_ok\">\n\t\t\t\t<\/a>\n\t\t\t\t<\/div>[\/vc_column_inner][vc_column_inner width=&#8221;1\/3&#8243;][wr_vc_titles text_align=&#8221;text-left&#8221; title_style=&#8221;headline-xs&#8221; title_color=&#8221;text-color-white&#8221; padding_top=&#8221;padding-top-60&#8243; padding_bottom=&#8221;padding-bottom-30&#8243;][wr_vc_title title=&#8221;`{`span`}`ARTISANS &amp; TECHNICIENS`{`\/span`}`&#8221; animation_delay=&#8221;02&#8243;][\/wr_vc_titles]<div class=\"column-100-100 anim-overlay js-scrollanim no-padding-top no-padding-bottom\">\n\t\t\t\t<a href=\"https:\/\/studiodelikatessen.art\/wp-content\/uploads\/2024\/06\/DNA2_ok.jpg\" class=\" d-block js-pointer-zoom js-photo-popup\">\n\t\t\t\t<img decoding=\"async\" src=\"https:\/\/studiodelikatessen.art\/wp-content\/uploads\/2024\/06\/DNA2_ok.jpg\" alt=\"DNA2_ok\">\n\t\t\t\t<\/a>\n\t\t\t\t<\/div>[\/vc_column_inner][vc_column_inner width=&#8221;1\/3&#8243;][wr_vc_titles text_align=&#8221;text-left&#8221; title_style=&#8221;headline-xs&#8221; title_color=&#8221;text-color-white&#8221; padding_top=&#8221;padding-top-60&#8243; padding_bottom=&#8221;padding-bottom-30&#8243;][wr_vc_title title=&#8221;`{`span`}`ESPACES DE COMMUNICATION`{`\/span`}`&#8221; animation_delay=&#8221;03&#8243;][\/wr_vc_titles]<div class=\"column-100-100 anim-overlay js-scrollanim no-padding-top no-padding-bottom\">\n\t\t\t\t<a href=\"https:\/\/studiodelikatessen.art\/wp-content\/uploads\/2024\/06\/DNA3_ok.jpg\" class=\" d-block js-pointer-zoom js-photo-popup\">\n\t\t\t\t<img decoding=\"async\" src=\"https:\/\/studiodelikatessen.art\/wp-content\/uploads\/2024\/06\/DNA3_ok.jpg\" alt=\"DNA3_ok\">\n\t\t\t\t<\/a>\n\t\t\t\t<\/div>[\/vc_column_inner][\/vc_row_inner][vc_row_inner][vc_column_inner width=&#8221;1\/3&#8243;][wr_vc_titles text_align=&#8221;text-left&#8221; title_style=&#8221;headline-xs&#8221; title_color=&#8221;text-color-white&#8221; padding_top=&#8221;padding-top-60&#8243; padding_bottom=&#8221;padding-bottom-30&#8243;][wr_vc_title title=&#8221;`{`span`}`PASSION POUR LES D\u00c9TAILS`{`\/span`}`&#8221; animation_delay=&#8221;04&#8243;][\/wr_vc_titles]<div class=\"column-100-100 anim-overlay js-scrollanim no-padding-top no-padding-bottom\">\n\t\t\t\t<a href=\"https:\/\/studiodelikatessen.art\/wp-content\/uploads\/2024\/06\/DNA4_ok.jpg\" class=\" d-block js-pointer-zoom js-photo-popup\">\n\t\t\t\t<img decoding=\"async\" src=\"https:\/\/studiodelikatessen.art\/wp-content\/uploads\/2024\/06\/DNA4_ok.jpg\" alt=\"DNA4_ok\">\n\t\t\t\t<\/a>\n\t\t\t\t<\/div>[\/vc_column_inner][vc_column_inner width=&#8221;1\/3&#8243;][wr_vc_titles text_align=&#8221;text-left&#8221; title_style=&#8221;headline-xs&#8221; title_color=&#8221;text-color-white&#8221; padding_top=&#8221;padding-top-60&#8243; padding_bottom=&#8221;padding-bottom-30&#8243;][wr_vc_title title=&#8221;`{`span`}`TRANSDISCIPLI-NAIRE &amp; HYBRIDE`{`\/span`}`&#8221; animation_delay=&#8221;05&#8243;][\/wr_vc_titles]<div class=\"column-100-100 anim-overlay js-scrollanim no-padding-top no-padding-bottom\">\n\t\t\t\t<a href=\"https:\/\/studiodelikatessen.art\/wp-content\/uploads\/2024\/06\/DNA5_ok.jpg\" class=\" d-block js-pointer-zoom js-photo-popup\">\n\t\t\t\t<img decoding=\"async\" src=\"https:\/\/studiodelikatessen.art\/wp-content\/uploads\/2024\/06\/DNA5_ok.jpg\" alt=\"DNA5_ok\">\n\t\t\t\t<\/a>\n\t\t\t\t<\/div>[\/vc_column_inner][vc_column_inner width=&#8221;1\/3&#8243;][wr_vc_titles text_align=&#8221;text-left&#8221; title_style=&#8221;headline-xs&#8221; title_color=&#8221;text-color-white&#8221; padding_top=&#8221;padding-top-60&#8243; padding_bottom=&#8221;padding-bottom-30&#8243;][wr_vc_title title=&#8221;`{`span`}`CONFIANCE, OPTI-MISATION &amp; ROI`{`\/span`}`&#8221; animation_delay=&#8221;06&#8243;][\/wr_vc_titles]<div class=\"column-100-100 anim-overlay js-scrollanim no-padding-top no-padding-bottom\">\n\t\t\t\t<a href=\"https:\/\/studiodelikatessen.art\/wp-content\/uploads\/2024\/06\/DNA6_ok.jpg\" class=\" d-block js-pointer-zoom js-photo-popup\">\n\t\t\t\t<img decoding=\"async\" src=\"https:\/\/studiodelikatessen.art\/wp-content\/uploads\/2024\/06\/DNA6_ok.jpg\" alt=\"DNA6_ok\">\n\t\t\t\t<\/a>\n\t\t\t\t<\/div>[\/vc_column_inner][\/vc_row_inner][\/vc_column][\/vc_row][vc_row row_type=&#8221;sec3&#8243; section_back_opt=&#8221;section-bg-black&#8221; sec_text_color_opt=&#8221;text-color-white&#8221;][vc_column][vc_row_inner][vc_column_inner][wr_vc_titles title_style=&#8221;headline-m&#8221; title_color=&#8221;text-color-white&#8221;][wr_vc_title title=&#8221;Nos Clients&#8221; animation_delay=&#8221;00&#8243;][\/wr_vc_titles][\/vc_column_inner][\/vc_row_inner][vc_row_inner][vc_column_inner][wr_vc_clients][wr_vc_client image=&#8221;1798&#8243; image_hover=&#8221;1799&#8243;][wr_vc_client image=&#8221;1800&#8243; image_hover=&#8221;1801&#8243;][wr_vc_client image=&#8221;1802&#8243; image_hover=&#8221;1803&#8243;][wr_vc_client image=&#8221;1804&#8243; image_hover=&#8221;1805&#8243;][wr_vc_client image=&#8221;1130&#8243; image_hover=&#8221;1129&#8243;][wr_vc_client image=&#8221;1134&#8243; image_hover=&#8221;1133&#8243;][wr_vc_client image=&#8221;1136&#8243; image_hover=&#8221;1135&#8243;][wr_vc_client image=&#8221;1595&#8243; image_hover=&#8221;1596&#8243;][wr_vc_client image=&#8221;1597&#8243; image_hover=&#8221;1598&#8243;][wr_vc_client image=&#8221;1140&#8243; image_hover=&#8221;1139&#8243;][wr_vc_client image=&#8221;1599&#8243; image_hover=&#8221;1600&#8243;][wr_vc_client image=&#8221;1610&#8243; image_hover=&#8221;1602&#8243;][wr_vc_client image=&#8221;1608&#8243; image_hover=&#8221;1609&#8243;][wr_vc_client image=&#8221;1128&#8243; image_hover=&#8221;1127&#8243;][wr_vc_client image=&#8221;1132&#8243; image_hover=&#8221;1131&#8243;][wr_vc_client image=&#8221;1605&#8243; image_hover=&#8221;1606&#8243;][wr_vc_client image=&#8221;1612&#8243; image_hover=&#8221;1613&#8243;][wr_vc_client image=&#8221;1120&#8243; image_hover=&#8221;1119&#8243;][wr_vc_client image=&#8221;1614&#8243; image_hover=&#8221;1615&#8243;][wr_vc_client image=&#8221;1616&#8243; image_hover=&#8221;1617&#8243;][wr_vc_client image=&#8221;1122&#8243; image_hover=&#8221;1121&#8243;][wr_vc_client image=&#8221;1124&#8243; image_hover=&#8221;1123&#8243;][wr_vc_client image=&#8221;1619&#8243; image_hover=&#8221;1620&#8243;][wr_vc_client image=&#8221;1621&#8243; image_hover=&#8221;1622&#8243;][\/wr_vc_clients][\/vc_column_inner][\/vc_row_inner][wr_vc_titles text_align=&#8221;text-left&#8221; title_style=&#8221;headline-m&#8221;][\/wr_vc_titles][\/vc_column][\/vc_row][vc_row section_back_opt=&#8221;section-bg-dark-2&#8243; sec_text_color_opt=&#8221;text-color-white&#8221; sec_text_align_opt=&#8221;text-center&#8221; css=&#8221;.vc_custom_1732118590135{margin-top: 0px !important;margin-bottom: 0px !important;border-top-width: 0px !important;border-bottom-width: 0px !important;padding-top: 0px !important;padding-bottom: 0px !important;}&#8221;][vc_column css=&#8221;.vc_custom_1732117432360{margin-bottom: 0px !important;border-bottom-width: 0px !important;padding-bottom: 0px !important;}&#8221;][vc_column_text css=&#8221;&#8221;][\/vc_column_text][wr_vc_titles title_tag=&#8221;h2&#8243; title_style=&#8221;headline-m&#8221; title_color=&#8221;text-color-white&#8221;][wr_vc_title title=&#8221;`{`span`}`PLUS DE 25 ANS DE CR\u00c9ATION`{`\/span`}`&#8221; animation_delay=&#8221;01&#8243;][wr_vc_title title=&#8221;`{`span`}`D&#8217;ESPACES EXPERIENTIELS`{`\/span`}`&#8221; animation_delay=&#8221;01&#8243;][\/wr_vc_titles][\/vc_column][\/vc_row][vc_row section_back_opt=&#8221;section-bg-dark-2&#8243; sec_text_color_opt=&#8221;text-color-white&#8221; row_padding_top=&#8221;no-padding-top&#8221; row_padding_bottom=&#8221;padding-bottom-30&#8243; css=&#8221;.vc_custom_1732542391310{margin-top: 0px !important;border-top-width: 0px !important;padding-top: 0px !important;}&#8221;][vc_column width=&#8221;1\/6&#8243;][\/vc_column][vc_column width=&#8221;2\/3&#8243; css=&#8221;.vc_custom_1732543174123{margin-top: 0px !important;margin-right: 0px !important;margin-left: 0px !important;border-top-width: 0px !important;border-right-width: 0px !important;border-left-width: 0px !important;padding-top: 0px !important;padding-right: 0px !important;padding-left: 0px !important;}&#8221;][wr_vc_titles title_tag=&#8221;h2&#8243; title_style=&#8221;headline-xxs&#8221; title_color=&#8221;text-color-white&#8221; padding_bottom=&#8221;padding-bottom-30&#8243;][wr_vc_title title=&#8221;Notre exp\u00e9rience multidisciplinaire nous apporte une EXPERTISE tant sur les exigences conceptuelles que techniques, ainsi qu&#8217;une COMPR\u00c9HENSION approfondie des besoins et des protocoles des Marques, Agences et Institutions.&#8221; animation_delay=&#8221;02&#8243;][\/wr_vc_titles][wr_vc_titles title_tag=&#8221;h2&#8243; title_style=&#8221;headline-xxs&#8221; title_color=&#8221;text-color-white&#8221;][wr_vc_title title=&#8221;Depuis nos ateliers \u00e0 Barcelone, Madrid et Porto, nous r\u00e9alisons des projets \u00e0 l&#8217;\u00e9chelle europ\u00e9enne.&#8221; animation_delay=&#8221;02&#8243;][\/wr_vc_titles][\/vc_column][vc_column width=&#8221;1\/6&#8243;][\/vc_column][\/vc_row][vc_row section_back_opt=&#8221;section-bg-dark-2&#8243; sec_text_color_opt=&#8221;text-color-white&#8221; sec_text_align_opt=&#8221;text-center&#8221; row_padding_top=&#8221;no-padding-top&#8221; row_padding_bottom=&#8221;no-padding-bottom&#8221; css=&#8221;.vc_custom_1732543535888{margin-top: 0px !important;border-top-width: 0px !important;padding-top: 0px !important;}&#8221;][vc_column css=&#8221;.vc_custom_1732543785557{margin-top: 0px !important;border-top-width: 0px !important;padding-top: 50px !important;padding-bottom: 100px !important;}&#8221;][wr_vc_button button_style=&#8221;st2&#8243; button_text=&#8221;VOIR LE TRAVAIL&#8221; button_url=&#8221;https:\/\/studiodelikatessen.art\/fr\/work\/&#8221; animation_delay=&#8221;04&#8243;][\/vc_column][\/vc_row]\n<\/div>","protected":false},"excerpt":{"rendered":"<p>[vc_row section_back_opt=&#8221;section_color_custom&#8221; opt_background_color=&#8221;#000000&#8243; sec_text_color_opt=&#8221;text-color-white&#8221; sec_text_align_opt=&#8221;text-center&#8221;][vc_column][wr_vc_titles title_tag=&#8221;h2&#8243; title_style=&#8221;headline-m&#8221; title_color=&#8221;text-color-white&#8221; padding_bottom=&#8221;padding-bottom-10&#8243;][wr_vc_title title=&#8221;`{`span`}`DE L&#8217;ART POUR LE MARKETING`{`\/span`}`&#8221; animation_delay=&#8221;01&#8243;][wr_vc_title title=&#8221;`{`span`}`ET LA CULTURE`{`\/span`}`&#8221; animation_delay=&#8221;01&#8243;][\/wr_vc_titles][vc_column_text][\/vc_column_text][wr_vc_titles title_tag=&#8221;h2&#8243; title_style=&#8221;headline-xxs&#8221; title_color=&#8221;text-color-white&#8221;&#8230;<\/p>\n","protected":false},"author":1,"featured_media":0,"parent":0,"menu_order":0,"comment_status":"closed","ping_status":"closed","template":"","meta":{"footnotes":""},"class_list":["post-5771","page","type-page","status-publish","hentry"],"yoast_head":"<!-- This site is optimized with the Yoast SEO plugin v27.2 - https:\/\/yoast.com\/product\/yoast-seo-wordpress\/ -->\n<title>Studio Delikatessen - Studiodelikatessen<\/title>\n<meta name=\"robots\" content=\"index, follow, max-snippet:-1, max-image-preview:large, max-video-preview:-1\" \/>\n<link rel=\"canonical\" href=\"https:\/\/studiodelikatessen.art\/fr\/\" \/>\n<meta property=\"og:locale\" content=\"fr_FR\" \/>\n<meta property=\"og:type\" content=\"article\" \/>\n<meta property=\"og:title\" content=\"Studio Delikatessen - Studiodelikatessen\" \/>\n<meta property=\"og:description\" content=\"[vc_row section_back_opt=&#8221;section_color_custom&#8221; opt_background_color=&#8221;#000000&#8243; sec_text_color_opt=&#8221;text-color-white&#8221; sec_text_align_opt=&#8221;text-center&#8221;][vc_column][wr_vc_titles title_tag=&#8221;h2&#8243; title_style=&#8221;headline-m&#8221; title_color=&#8221;text-color-white&#8221; padding_bottom=&#8221;padding-bottom-10&#8243;][wr_vc_title title=&#8221;`{`span`}`DE L&#8217;ART POUR LE MARKETING`{`\/span`}`&#8221; animation_delay=&#8221;01&#8243;][wr_vc_title title=&#8221;`{`span`}`ET LA CULTURE`{`\/span`}`&#8221; animation_delay=&#8221;01&#8243;][\/wr_vc_titles][vc_column_text][\/vc_column_text][wr_vc_titles title_tag=&#8221;h2&#8243; title_style=&#8221;headline-xxs&#8221; title_color=&#8221;text-color-white&#8221;...\" \/>\n<meta property=\"og:url\" content=\"https:\/\/studiodelikatessen.art\/fr\/\" \/>\n<meta property=\"og:site_name\" content=\"Studiodelikatessen\" \/>\n<meta property=\"article:modified_time\" content=\"2024-11-25T14:09:50+00:00\" \/>\n<meta name=\"twitter:card\" content=\"summary_large_image\" \/>\n<meta name=\"twitter:label1\" content=\"Dur\u00e9e de lecture estim\u00e9e\" \/>\n\t<meta name=\"twitter:data1\" content=\"2 minutes\" \/>\n<script type=\"application\/ld+json\" class=\"yoast-schema-graph\">{\"@context\":\"https:\/\/schema.org\",\"@graph\":[{\"@type\":\"WebPage\",\"@id\":\"https:\/\/studiodelikatessen.art\/fr\/\",\"url\":\"https:\/\/studiodelikatessen.art\/fr\/\",\"name\":\"Studio Delikatessen - Studiodelikatessen\",\"isPartOf\":{\"@id\":\"https:\/\/studiodelikatessen.art\/#website\"},\"datePublished\":\"2024-01-17T10:58:00+00:00\",\"dateModified\":\"2024-11-25T14:09:50+00:00\",\"breadcrumb\":{\"@id\":\"https:\/\/studiodelikatessen.art\/fr\/#breadcrumb\"},\"inLanguage\":\"fr-FR\",\"potentialAction\":[{\"@type\":\"ReadAction\",\"target\":[\"https:\/\/studiodelikatessen.art\/fr\/\"]}]},{\"@type\":\"BreadcrumbList\",\"@id\":\"https:\/\/studiodelikatessen.art\/fr\/#breadcrumb\",\"itemListElement\":[{\"@type\":\"ListItem\",\"position\":1,\"name\":\"Home\",\"item\":\"https:\/\/studiodelikatessen.art\/fr\/\"},{\"@type\":\"ListItem\",\"position\":2,\"name\":\"Studio Delikatessen\"}]},{\"@type\":\"WebSite\",\"@id\":\"https:\/\/studiodelikatessen.art\/#website\",\"url\":\"https:\/\/studiodelikatessen.art\/\",\"name\":\"Studiodelikatessen\",\"description\":\"We Design and Produce Experiential Environments and Unique Objects for Brands and Cultural Events\",\"publisher\":{\"@id\":\"https:\/\/studiodelikatessen.art\/#organization\"},\"potentialAction\":[{\"@type\":\"SearchAction\",\"target\":{\"@type\":\"EntryPoint\",\"urlTemplate\":\"https:\/\/studiodelikatessen.art\/?s={search_term_string}\"},\"query-input\":{\"@type\":\"PropertyValueSpecification\",\"valueRequired\":true,\"valueName\":\"search_term_string\"}}],\"inLanguage\":\"fr-FR\"},{\"@type\":\"Organization\",\"@id\":\"https:\/\/studiodelikatessen.art\/#organization\",\"name\":\"Studiodelikatessen\",\"url\":\"https:\/\/studiodelikatessen.art\/\",\"logo\":{\"@type\":\"ImageObject\",\"inLanguage\":\"fr-FR\",\"@id\":\"https:\/\/studiodelikatessen.art\/#\/schema\/logo\/image\/\",\"url\":\"https:\/\/studiodelikatessen.art\/wp-content\/uploads\/2021\/12\/logoSD-black.png\",\"contentUrl\":\"https:\/\/studiodelikatessen.art\/wp-content\/uploads\/2021\/12\/logoSD-black.png\",\"width\":651,\"height\":114,\"caption\":\"Studiodelikatessen\"},\"image\":{\"@id\":\"https:\/\/studiodelikatessen.art\/#\/schema\/logo\/image\/\"}}]}<\/script>\n<!-- \/ Yoast SEO plugin. -->","yoast_head_json":{"title":"Studio Delikatessen - Studiodelikatessen","robots":{"index":"index","follow":"follow","max-snippet":"max-snippet:-1","max-image-preview":"max-image-preview:large","max-video-preview":"max-video-preview:-1"},"canonical":"https:\/\/studiodelikatessen.art\/fr\/","og_locale":"fr_FR","og_type":"article","og_title":"Studio Delikatessen - Studiodelikatessen","og_description":"[vc_row section_back_opt=&#8221;section_color_custom&#8221; opt_background_color=&#8221;#000000&#8243; sec_text_color_opt=&#8221;text-color-white&#8221; sec_text_align_opt=&#8221;text-center&#8221;][vc_column][wr_vc_titles title_tag=&#8221;h2&#8243; title_style=&#8221;headline-m&#8221; title_color=&#8221;text-color-white&#8221; padding_bottom=&#8221;padding-bottom-10&#8243;][wr_vc_title title=&#8221;`{`span`}`DE L&#8217;ART POUR LE MARKETING`{`\/span`}`&#8221; animation_delay=&#8221;01&#8243;][wr_vc_title title=&#8221;`{`span`}`ET LA CULTURE`{`\/span`}`&#8221; animation_delay=&#8221;01&#8243;][\/wr_vc_titles][vc_column_text][\/vc_column_text][wr_vc_titles title_tag=&#8221;h2&#8243; title_style=&#8221;headline-xxs&#8221; title_color=&#8221;text-color-white&#8221;...","og_url":"https:\/\/studiodelikatessen.art\/fr\/","og_site_name":"Studiodelikatessen","article_modified_time":"2024-11-25T14:09:50+00:00","twitter_card":"summary_large_image","twitter_misc":{"Dur\u00e9e de lecture estim\u00e9e":"2 minutes"},"schema":{"@context":"https:\/\/schema.org","@graph":[{"@type":"WebPage","@id":"https:\/\/studiodelikatessen.art\/fr\/","url":"https:\/\/studiodelikatessen.art\/fr\/","name":"Studio Delikatessen - Studiodelikatessen","isPartOf":{"@id":"https:\/\/studiodelikatessen.art\/#website"},"datePublished":"2024-01-17T10:58:00+00:00","dateModified":"2024-11-25T14:09:50+00:00","breadcrumb":{"@id":"https:\/\/studiodelikatessen.art\/fr\/#breadcrumb"},"inLanguage":"fr-FR","potentialAction":[{"@type":"ReadAction","target":["https:\/\/studiodelikatessen.art\/fr\/"]}]},{"@type":"BreadcrumbList","@id":"https:\/\/studiodelikatessen.art\/fr\/#breadcrumb","itemListElement":[{"@type":"ListItem","position":1,"name":"Home","item":"https:\/\/studiodelikatessen.art\/fr\/"},{"@type":"ListItem","position":2,"name":"Studio Delikatessen"}]},{"@type":"WebSite","@id":"https:\/\/studiodelikatessen.art\/#website","url":"https:\/\/studiodelikatessen.art\/","name":"Studiodelikatessen","description":"We Design and Produce Experiential Environments and Unique Objects for Brands and Cultural Events","publisher":{"@id":"https:\/\/studiodelikatessen.art\/#organization"},"potentialAction":[{"@type":"SearchAction","target":{"@type":"EntryPoint","urlTemplate":"https:\/\/studiodelikatessen.art\/?s={search_term_string}"},"query-input":{"@type":"PropertyValueSpecification","valueRequired":true,"valueName":"search_term_string"}}],"inLanguage":"fr-FR"},{"@type":"Organization","@id":"https:\/\/studiodelikatessen.art\/#organization","name":"Studiodelikatessen","url":"https:\/\/studiodelikatessen.art\/","logo":{"@type":"ImageObject","inLanguage":"fr-FR","@id":"https:\/\/studiodelikatessen.art\/#\/schema\/logo\/image\/","url":"https:\/\/studiodelikatessen.art\/wp-content\/uploads\/2021\/12\/logoSD-black.png","contentUrl":"https:\/\/studiodelikatessen.art\/wp-content\/uploads\/2021\/12\/logoSD-black.png","width":651,"height":114,"caption":"Studiodelikatessen"},"image":{"@id":"https:\/\/studiodelikatessen.art\/#\/schema\/logo\/image\/"}}]}},"_links":{"self":[{"href":"https:\/\/studiodelikatessen.art\/fr\/wp-json\/wp\/v2\/pages\/5771","targetHints":{"allow":["GET"]}}],"collection":[{"href":"https:\/\/studiodelikatessen.art\/fr\/wp-json\/wp\/v2\/pages"}],"about":[{"href":"https:\/\/studiodelikatessen.art\/fr\/wp-json\/wp\/v2\/types\/page"}],"author":[{"embeddable":true,"href":"https:\/\/studiodelikatessen.art\/fr\/wp-json\/wp\/v2\/users\/1"}],"replies":[{"embeddable":true,"href":"https:\/\/studiodelikatessen.art\/fr\/wp-json\/wp\/v2\/comments?post=5771"}],"version-history":[{"count":46,"href":"https:\/\/studiodelikatessen.art\/fr\/wp-json\/wp\/v2\/pages\/5771\/revisions"}],"predecessor-version":[{"id":5916,"href":"https:\/\/studiodelikatessen.art\/fr\/wp-json\/wp\/v2\/pages\/5771\/revisions\/5916"}],"wp:attachment":[{"href":"https:\/\/studiodelikatessen.art\/fr\/wp-json\/wp\/v2\/media?parent=5771"}],"curies":[{"name":"wp","href":"https:\/\/api.w.org\/{rel}","templated":true}]}}