{"id":5749,"date":"2024-06-10T16:27:53","date_gmt":"2024-06-10T15:27:53","guid":{"rendered":"https:\/\/studiodelikatessen.art\/services\/"},"modified":"2024-11-20T16:19:44","modified_gmt":"2024-11-20T15:19:44","slug":"services","status":"publish","type":"page","link":"https:\/\/studiodelikatessen.art\/fr\/services\/","title":{"rendered":"Services"},"content":{"rendered":"<div class=\"wpb-content-wrapper\">[vc_row row_type=&#8221;sec2&#8243; enable_full_height_sec=&#8221;st2&#8243; umaya_background_image=&#8221;2514&#8243; sec_text_color_opt=&#8221;text-color-white&#8221; row_padding_top=&#8221;padding-top-90&#8243; row_padding_bottom=&#8221;no-padding-bottom&#8221;][vc_column][wr_vc_titles text_align=&#8221;text-left&#8221; title_style=&#8221;headline-xs&#8221; title_color=&#8221;text-color-white&#8221;][wr_vc_title title=&#8221;`{`span`}`Nos Services`{`\/span`}`&#8221; animation_delay=&#8221;00&#8243;][\/wr_vc_titles][wr_vc_titles text_align=&#8221;text-left&#8221; title_style=&#8221;headline-s&#8221; title_color=&#8221;text-color-white&#8221; padding_top=&#8221;padding-top-10&#8243; padding_bottom=&#8221;padding-bottom-20&#8243;][wr_vc_title title=&#8221;Arts, Artisanat et Technologie`{`br`}`pour les Marques, Agences, et Institutions&#8221; animation_delay=&#8221;01&#8243;][\/wr_vc_titles][\/vc_column][\/vc_row][vc_row section_back_opt=&#8221;section-bg-dark-1&#8243;][vc_column width=&#8221;1\/5&#8243;][vc_single_image image=&#8221;3172&#8243; img_size=&#8221;full&#8221;][wr_vc_simple_title title=&#8221;IMAGE&#8221; title_tag=&#8221;h3&#8243; text_align=&#8221;text-left&#8221; title_style=&#8221;headline-xxs&#8221; title_color=&#8221;text-color-white&#8221; padding_bottom=&#8221;padding-bottom-20&#8243;][wr_vc_simple_title title=&#8221;Institutionnel&#8221; title_tag=&#8221;h6&#8243; text_align=&#8221;text-left&#8221; title_style=&#8221;headline-xxxxs&#8221; title_color=&#8221;text-color-white&#8221; padding_bottom=&#8221;padding-bottom-10&#8243;][wr_vc_simple_title title=&#8221;Audiovisuel&#8221; title_tag=&#8221;h6&#8243; text_align=&#8221;text-left&#8221; title_style=&#8221;headline-xxxxs&#8221; title_color=&#8221;text-color-white&#8221; padding_bottom=&#8221;padding-bottom-10&#8243;][wr_vc_simple_title title=&#8221;Signal\u00e9tique&#8221; title_tag=&#8221;h6&#8243; text_align=&#8221;text-left&#8221; title_style=&#8221;headline-xxxxs&#8221; title_color=&#8221;text-color-white&#8221; padding_bottom=&#8221;padding-bottom-10&#8243;][wr_vc_simple_title title=&#8221;Marchandisage&#8221; title_tag=&#8221;h6&#8243; text_align=&#8221;text-left&#8221; title_style=&#8221;headline-xxxxs&#8221; title_color=&#8221;text-color-white&#8221; padding_bottom=&#8221;padding-bottom-10&#8243;][vc_empty_space height=&#8221;52px&#8221;][\/vc_column][vc_column width=&#8221;1\/5&#8243;][vc_single_image image=&#8221;2389&#8243; img_size=&#8221;full&#8221;][wr_vc_simple_title title=&#8221;\u00c9V\u00c8NEMENT&#8221; title_tag=&#8221;h3&#8243; text_align=&#8221;text-left&#8221; title_style=&#8221;headline-xxs&#8221; title_color=&#8221;text-color-white&#8221; padding_bottom=&#8221;padding-bottom-20&#8243;][wr_vc_simple_title title=&#8221;Festival&#8221; title_tag=&#8221;h6&#8243; text_align=&#8221;text-left&#8221; title_style=&#8221;headline-xxxxs&#8221; title_color=&#8221;text-color-white&#8221; padding_bottom=&#8221;padding-bottom-10&#8243;][wr_vc_simple_title title=&#8221;\u00c9v\u00e8nement d&#8217;entreprise&#8221; title_tag=&#8221;h6&#8243; text_align=&#8221;text-left&#8221; title_style=&#8221;headline-xxxxs&#8221; title_color=&#8221;text-color-white&#8221; padding_bottom=&#8221;padding-bottom-10&#8243;][wr_vc_simple_title title=&#8221;Salon&#8221; title_tag=&#8221;h6&#8243; text_align=&#8221;text-left&#8221; title_style=&#8221;headline-xxxxs&#8221; title_color=&#8221;text-color-white&#8221; padding_bottom=&#8221;padding-bottom-10&#8243;][wr_vc_simple_title title=&#8221;Presse\/Lancement&#8221; title_tag=&#8221;h6&#8243; text_align=&#8221;text-left&#8221; title_style=&#8221;headline-xxxxs&#8221; title_color=&#8221;text-color-white&#8221; padding_bottom=&#8221;padding-bottom-10&#8243;][vc_empty_space height=&#8221;52px&#8221;][\/vc_column][vc_column width=&#8221;1\/5&#8243;][vc_single_image image=&#8221;5025&#8243; img_size=&#8221;full&#8221; css=&#8221;&#8221;][wr_vc_simple_title title=&#8221;LOISIRS&#8221; title_tag=&#8221;h3&#8243; text_align=&#8221;text-left&#8221; title_style=&#8221;headline-xxs&#8221; title_color=&#8221;text-color-white&#8221; padding_bottom=&#8221;padding-bottom-20&#8243;][wr_vc_simple_title title=&#8221;Horeca&#8221; title_tag=&#8221;h6&#8243; text_align=&#8221;text-left&#8221; title_style=&#8221;headline-xxxxs&#8221; title_color=&#8221;text-color-white&#8221; padding_bottom=&#8221;padding-bottom-10&#8243;][wr_vc_simple_title title=&#8221;Brandclub&#8221; title_tag=&#8221;h6&#8243; text_align=&#8221;text-left&#8221; title_style=&#8221;headline-xxxxs&#8221; title_color=&#8221;text-color-white&#8221; padding_bottom=&#8221;padding-bottom-10&#8243;][wr_vc_simple_title title=&#8221;Club&#8221; title_tag=&#8221;h6&#8243; text_align=&#8221;text-left&#8221; title_style=&#8221;headline-xxxxs&#8221; title_color=&#8221;text-color-white&#8221; padding_bottom=&#8221;padding-bottom-10&#8243;][wr_vc_simple_title title=&#8221;Paysagisme&#8221; title_tag=&#8221;h6&#8243; text_align=&#8221;text-left&#8221; title_style=&#8221;headline-xxxxs&#8221; title_color=&#8221;text-color-white&#8221; padding_bottom=&#8221;padding-bottom-10&#8243;][vc_empty_space height=&#8221;52px&#8221;][\/vc_column][vc_column width=&#8221;1\/5&#8243;][vc_single_image image=&#8221;3217&#8243; img_size=&#8221;full&#8221;][wr_vc_simple_title title=&#8221;EXPOSITIONS&#8221; title_tag=&#8221;h3&#8243; text_align=&#8221;text-left&#8221; title_style=&#8221;headline-xxs&#8221; title_color=&#8221;text-color-white&#8221; padding_bottom=&#8221;padding-bottom-20&#8243;][wr_vc_simple_title title=&#8221;Mus\u00e9es&#8221; title_tag=&#8221;h6&#8243; text_align=&#8221;text-left&#8221; title_style=&#8221;headline-xxxxs&#8221; title_color=&#8221;text-color-white&#8221; padding_bottom=&#8221;padding-bottom-10&#8243;][wr_vc_simple_title title=&#8221;Art &amp; Artisanat&#8221; title_tag=&#8221;h6&#8243; text_align=&#8221;text-left&#8221; title_style=&#8221;headline-xxxxs&#8221; title_color=&#8221;text-color-white&#8221; padding_bottom=&#8221;padding-bottom-10&#8243;][wr_vc_simple_title title=&#8221;Exposition&#8221; title_tag=&#8221;h6&#8243; text_align=&#8221;text-left&#8221; title_style=&#8221;headline-xxxxs&#8221; title_color=&#8221;text-color-white&#8221; padding_bottom=&#8221;padding-bottom-10&#8243;][wr_vc_simple_title title=&#8221;Showroom&#8221; title_tag=&#8221;h6&#8243; text_align=&#8221;text-left&#8221; title_style=&#8221;headline-xxxxs&#8221; title_color=&#8221;text-color-white&#8221; padding_bottom=&#8221;padding-bottom-10&#8243;][vc_empty_space height=&#8221;52px&#8221;][\/vc_column][vc_column width=&#8221;1\/5&#8243;][vc_single_image image=&#8221;2392&#8243; img_size=&#8221;full&#8221;][wr_vc_simple_title title=&#8221;COMMERCE&#8221; title_tag=&#8221;h3&#8243; text_align=&#8221;text-left&#8221; title_style=&#8221;headline-xxs&#8221; title_color=&#8221;text-color-white&#8221; padding_bottom=&#8221;padding-bottom-20&#8243;][wr_vc_simple_title title=&#8221;Boutiques&#8221; title_tag=&#8221;h6&#8243; text_align=&#8221;text-left&#8221; title_style=&#8221;headline-xxxxs&#8221; title_color=&#8221;text-color-white&#8221; padding_bottom=&#8221;padding-bottom-10&#8243;][wr_vc_simple_title title=&#8221;Pr\u00e9sentoirs&#8221; title_tag=&#8221;h6&#8243; text_align=&#8221;text-left&#8221; title_style=&#8221;headline-xxxxs&#8221; title_color=&#8221;text-color-white&#8221; padding_bottom=&#8221;padding-bottom-10&#8243;][wr_vc_simple_title title=&#8221;Vitrines&#8221; title_tag=&#8221;h6&#8243; text_align=&#8221;text-left&#8221; title_style=&#8221;headline-xxxxs&#8221; title_color=&#8221;text-color-white&#8221; padding_bottom=&#8221;padding-bottom-10&#8243;][wr_vc_simple_title title=&#8221;Popup\/Popin&#8221; title_tag=&#8221;h6&#8243; text_align=&#8221;text-left&#8221; title_style=&#8221;headline-xxxxs&#8221; title_color=&#8221;text-color-white&#8221; padding_bottom=&#8221;padding-bottom-10&#8243;][vc_empty_space height=&#8221;52px&#8221;][\/vc_column][\/vc_row][vc_row section_back_opt=&#8221;section-bg-dark-2&#8243; row_padding_top=&#8221;padding-top-30&#8243; row_padding_bottom=&#8221;padding-bottom-20&#8243;][vc_column][wr_vc_titles title_style=&#8221;headline-xl&#8221; title_color=&#8221;text-color-white&#8221; padding_top=&#8221;padding-top-60&#8243;][wr_vc_title title=&#8221;Comp\u00e9tences Artisanales&#8221; animation_delay=&#8221;1&#8243;][wr_vc_title title=&#8221;et Techniques&#8221; animation_delay=&#8221;1&#8243;][\/wr_vc_titles][wr_vc_titles title_tag=&#8221;h2&#8243; title_style=&#8221;headline-xs&#8221; title_color=&#8221;text-color-white&#8221; padding_top=&#8221;padding-top-30&#8243; padding_bottom=&#8221;padding-bottom-120&#8243;][wr_vc_title title=&#8221;En tant qu&#8217;artistes et artisans, nous proposons les meilleures SOLUTIONS TECHNIQUES, obtenant l&#8217;excellence en EXPRESSION ESTH\u00c9TIQUE tout en optimisant le budget. Depuis nos ateliers \u00e0 Barcelone, Madrid et Porto, nous r\u00e9alisons des projets \u00e0 l&#8217;\u00e9chelle europ\u00e9enne.&#8221;][\/wr_vc_titles][\/vc_column][\/vc_row]\n<\/div>","protected":false},"excerpt":{"rendered":"<p>[vc_row row_type=&#8221;sec2&#8243; enable_full_height_sec=&#8221;st2&#8243; umaya_background_image=&#8221;2514&#8243; sec_text_color_opt=&#8221;text-color-white&#8221; row_padding_top=&#8221;padding-top-90&#8243; row_padding_bottom=&#8221;no-padding-bottom&#8221;][vc_column][wr_vc_titles text_align=&#8221;text-left&#8221; title_style=&#8221;headline-xs&#8221; title_color=&#8221;text-color-white&#8221;][wr_vc_title title=&#8221;`{`span`}`Nos Services`{`\/span`}`&#8221; animation_delay=&#8221;00&#8243;][\/wr_vc_titles][wr_vc_titles text_align=&#8221;text-left&#8221; title_style=&#8221;headline-s&#8221; title_color=&#8221;text-color-white&#8221; padding_top=&#8221;padding-top-10&#8243; padding_bottom=&#8221;padding-bottom-20&#8243;][wr_vc_title title=&#8221;Arts, Artisanat et Technologie`{`br`}`pour&#8230;<\/p>\n","protected":false},"author":4,"featured_media":0,"parent":0,"menu_order":0,"comment_status":"closed","ping_status":"closed","template":"","meta":{"footnotes":""},"class_list":["post-5749","page","type-page","status-publish","hentry"],"yoast_head":"<!-- This site is optimized with the Yoast SEO plugin v27.2 - https:\/\/yoast.com\/product\/yoast-seo-wordpress\/ -->\n<title>Services - Studiodelikatessen<\/title>\n<meta name=\"robots\" content=\"index, follow, max-snippet:-1, max-image-preview:large, max-video-preview:-1\" \/>\n<link rel=\"canonical\" href=\"https:\/\/studiodelikatessen.art\/fr\/services\/\" \/>\n<meta property=\"og:locale\" content=\"fr_FR\" \/>\n<meta property=\"og:type\" content=\"article\" \/>\n<meta property=\"og:title\" content=\"Services - Studiodelikatessen\" \/>\n<meta property=\"og:description\" content=\"[vc_row row_type=&#8221;sec2&#8243; enable_full_height_sec=&#8221;st2&#8243; umaya_background_image=&#8221;2514&#8243; sec_text_color_opt=&#8221;text-color-white&#8221; row_padding_top=&#8221;padding-top-90&#8243; row_padding_bottom=&#8221;no-padding-bottom&#8221;][vc_column][wr_vc_titles text_align=&#8221;text-left&#8221; title_style=&#8221;headline-xs&#8221; title_color=&#8221;text-color-white&#8221;][wr_vc_title title=&#8221;`{`span`}`Nos Services`{`\/span`}`&#8221; animation_delay=&#8221;00&#8243;][\/wr_vc_titles][wr_vc_titles text_align=&#8221;text-left&#8221; title_style=&#8221;headline-s&#8221; title_color=&#8221;text-color-white&#8221; padding_top=&#8221;padding-top-10&#8243; padding_bottom=&#8221;padding-bottom-20&#8243;][wr_vc_title title=&#8221;Arts, Artisanat et Technologie`{`br`}`pour...\" \/>\n<meta property=\"og:url\" content=\"https:\/\/studiodelikatessen.art\/fr\/services\/\" \/>\n<meta property=\"og:site_name\" content=\"Studiodelikatessen\" \/>\n<meta property=\"article:modified_time\" content=\"2024-11-20T15:19:44+00:00\" \/>\n<meta name=\"twitter:card\" content=\"summary_large_image\" \/>\n<meta name=\"twitter:label1\" content=\"Dur\u00e9e de lecture estim\u00e9e\" \/>\n\t<meta name=\"twitter:data1\" content=\"3 minutes\" \/>\n<script type=\"application\/ld+json\" class=\"yoast-schema-graph\">{\"@context\":\"https:\/\/schema.org\",\"@graph\":[{\"@type\":\"WebPage\",\"@id\":\"https:\/\/studiodelikatessen.art\/fr\/services\/\",\"url\":\"https:\/\/studiodelikatessen.art\/fr\/services\/\",\"name\":\"Services - Studiodelikatessen\",\"isPartOf\":{\"@id\":\"https:\/\/studiodelikatessen.art\/#website\"},\"datePublished\":\"2024-06-10T15:27:53+00:00\",\"dateModified\":\"2024-11-20T15:19:44+00:00\",\"breadcrumb\":{\"@id\":\"https:\/\/studiodelikatessen.art\/fr\/services\/#breadcrumb\"},\"inLanguage\":\"fr-FR\",\"potentialAction\":[{\"@type\":\"ReadAction\",\"target\":[\"https:\/\/studiodelikatessen.art\/fr\/services\/\"]}]},{\"@type\":\"BreadcrumbList\",\"@id\":\"https:\/\/studiodelikatessen.art\/fr\/services\/#breadcrumb\",\"itemListElement\":[{\"@type\":\"ListItem\",\"position\":1,\"name\":\"Home\",\"item\":\"https:\/\/studiodelikatessen.art\/fr\/\"},{\"@type\":\"ListItem\",\"position\":2,\"name\":\"Services\"}]},{\"@type\":\"WebSite\",\"@id\":\"https:\/\/studiodelikatessen.art\/#website\",\"url\":\"https:\/\/studiodelikatessen.art\/\",\"name\":\"Studiodelikatessen\",\"description\":\"We Design and Produce Experiential Environments and Unique Objects for Brands and Cultural Events\",\"publisher\":{\"@id\":\"https:\/\/studiodelikatessen.art\/#organization\"},\"potentialAction\":[{\"@type\":\"SearchAction\",\"target\":{\"@type\":\"EntryPoint\",\"urlTemplate\":\"https:\/\/studiodelikatessen.art\/?s={search_term_string}\"},\"query-input\":{\"@type\":\"PropertyValueSpecification\",\"valueRequired\":true,\"valueName\":\"search_term_string\"}}],\"inLanguage\":\"fr-FR\"},{\"@type\":\"Organization\",\"@id\":\"https:\/\/studiodelikatessen.art\/#organization\",\"name\":\"Studiodelikatessen\",\"url\":\"https:\/\/studiodelikatessen.art\/\",\"logo\":{\"@type\":\"ImageObject\",\"inLanguage\":\"fr-FR\",\"@id\":\"https:\/\/studiodelikatessen.art\/#\/schema\/logo\/image\/\",\"url\":\"https:\/\/studiodelikatessen.art\/wp-content\/uploads\/2021\/12\/logoSD-black.png\",\"contentUrl\":\"https:\/\/studiodelikatessen.art\/wp-content\/uploads\/2021\/12\/logoSD-black.png\",\"width\":651,\"height\":114,\"caption\":\"Studiodelikatessen\"},\"image\":{\"@id\":\"https:\/\/studiodelikatessen.art\/#\/schema\/logo\/image\/\"}}]}<\/script>\n<!-- \/ Yoast SEO plugin. -->","yoast_head_json":{"title":"Services - Studiodelikatessen","robots":{"index":"index","follow":"follow","max-snippet":"max-snippet:-1","max-image-preview":"max-image-preview:large","max-video-preview":"max-video-preview:-1"},"canonical":"https:\/\/studiodelikatessen.art\/fr\/services\/","og_locale":"fr_FR","og_type":"article","og_title":"Services - Studiodelikatessen","og_description":"[vc_row row_type=&#8221;sec2&#8243; enable_full_height_sec=&#8221;st2&#8243; umaya_background_image=&#8221;2514&#8243; sec_text_color_opt=&#8221;text-color-white&#8221; row_padding_top=&#8221;padding-top-90&#8243; row_padding_bottom=&#8221;no-padding-bottom&#8221;][vc_column][wr_vc_titles text_align=&#8221;text-left&#8221; title_style=&#8221;headline-xs&#8221; title_color=&#8221;text-color-white&#8221;][wr_vc_title title=&#8221;`{`span`}`Nos Services`{`\/span`}`&#8221; animation_delay=&#8221;00&#8243;][\/wr_vc_titles][wr_vc_titles text_align=&#8221;text-left&#8221; title_style=&#8221;headline-s&#8221; title_color=&#8221;text-color-white&#8221; padding_top=&#8221;padding-top-10&#8243; padding_bottom=&#8221;padding-bottom-20&#8243;][wr_vc_title title=&#8221;Arts, Artisanat et Technologie`{`br`}`pour...","og_url":"https:\/\/studiodelikatessen.art\/fr\/services\/","og_site_name":"Studiodelikatessen","article_modified_time":"2024-11-20T15:19:44+00:00","twitter_card":"summary_large_image","twitter_misc":{"Dur\u00e9e de lecture estim\u00e9e":"3 minutes"},"schema":{"@context":"https:\/\/schema.org","@graph":[{"@type":"WebPage","@id":"https:\/\/studiodelikatessen.art\/fr\/services\/","url":"https:\/\/studiodelikatessen.art\/fr\/services\/","name":"Services - Studiodelikatessen","isPartOf":{"@id":"https:\/\/studiodelikatessen.art\/#website"},"datePublished":"2024-06-10T15:27:53+00:00","dateModified":"2024-11-20T15:19:44+00:00","breadcrumb":{"@id":"https:\/\/studiodelikatessen.art\/fr\/services\/#breadcrumb"},"inLanguage":"fr-FR","potentialAction":[{"@type":"ReadAction","target":["https:\/\/studiodelikatessen.art\/fr\/services\/"]}]},{"@type":"BreadcrumbList","@id":"https:\/\/studiodelikatessen.art\/fr\/services\/#breadcrumb","itemListElement":[{"@type":"ListItem","position":1,"name":"Home","item":"https:\/\/studiodelikatessen.art\/fr\/"},{"@type":"ListItem","position":2,"name":"Services"}]},{"@type":"WebSite","@id":"https:\/\/studiodelikatessen.art\/#website","url":"https:\/\/studiodelikatessen.art\/","name":"Studiodelikatessen","description":"We Design and Produce Experiential Environments and Unique Objects for Brands and Cultural Events","publisher":{"@id":"https:\/\/studiodelikatessen.art\/#organization"},"potentialAction":[{"@type":"SearchAction","target":{"@type":"EntryPoint","urlTemplate":"https:\/\/studiodelikatessen.art\/?s={search_term_string}"},"query-input":{"@type":"PropertyValueSpecification","valueRequired":true,"valueName":"search_term_string"}}],"inLanguage":"fr-FR"},{"@type":"Organization","@id":"https:\/\/studiodelikatessen.art\/#organization","name":"Studiodelikatessen","url":"https:\/\/studiodelikatessen.art\/","logo":{"@type":"ImageObject","inLanguage":"fr-FR","@id":"https:\/\/studiodelikatessen.art\/#\/schema\/logo\/image\/","url":"https:\/\/studiodelikatessen.art\/wp-content\/uploads\/2021\/12\/logoSD-black.png","contentUrl":"https:\/\/studiodelikatessen.art\/wp-content\/uploads\/2021\/12\/logoSD-black.png","width":651,"height":114,"caption":"Studiodelikatessen"},"image":{"@id":"https:\/\/studiodelikatessen.art\/#\/schema\/logo\/image\/"}}]}},"_links":{"self":[{"href":"https:\/\/studiodelikatessen.art\/fr\/wp-json\/wp\/v2\/pages\/5749","targetHints":{"allow":["GET"]}}],"collection":[{"href":"https:\/\/studiodelikatessen.art\/fr\/wp-json\/wp\/v2\/pages"}],"about":[{"href":"https:\/\/studiodelikatessen.art\/fr\/wp-json\/wp\/v2\/types\/page"}],"author":[{"embeddable":true,"href":"https:\/\/studiodelikatessen.art\/fr\/wp-json\/wp\/v2\/users\/4"}],"replies":[{"embeddable":true,"href":"https:\/\/studiodelikatessen.art\/fr\/wp-json\/wp\/v2\/comments?post=5749"}],"version-history":[{"count":4,"href":"https:\/\/studiodelikatessen.art\/fr\/wp-json\/wp\/v2\/pages\/5749\/revisions"}],"predecessor-version":[{"id":5875,"href":"https:\/\/studiodelikatessen.art\/fr\/wp-json\/wp\/v2\/pages\/5749\/revisions\/5875"}],"wp:attachment":[{"href":"https:\/\/studiodelikatessen.art\/fr\/wp-json\/wp\/v2\/media?parent=5749"}],"curies":[{"name":"wp","href":"https:\/\/api.w.org\/{rel}","templated":true}]}}