{"id":5719,"date":"2020-12-08T16:49:12","date_gmt":"2020-12-08T15:49:12","guid":{"rendered":"https:\/\/studiodelikatessen.art\/contact\/"},"modified":"2025-04-24T11:13:52","modified_gmt":"2025-04-24T10:13:52","slug":"contact","status":"publish","type":"page","link":"https:\/\/studiodelikatessen.art\/fr\/contact\/","title":{"rendered":"Contact"},"content":{"rendered":"<div class=\"wpb-content-wrapper\">[vc_row row_type=&#8221;sec2&#8243; enable_full_height_sec=&#8221;st2&#8243; umaya_background_image=&#8221;2508&#8243; sec_text_color_opt=&#8221;text-color-white&#8221; row_padding_top=&#8221;padding-top-90&#8243; row_padding_bottom=&#8221;no-padding-bottom&#8221; css=&#8221;.vc_custom_1718273938284{background-position: center !important;background-repeat: no-repeat !important;background-size: cover !important;}&#8221;][vc_column][wr_vc_titles text_align=&#8221;text-left&#8221; title_style=&#8221;headline-xs&#8221; title_color=&#8221;text-color-white&#8221;][wr_vc_title title=&#8221;`{`span`}` Contactez-Nous`{`\/span`}`&#8221; animation_delay=&#8221;00&#8243;][\/wr_vc_titles][wr_vc_titles text_align=&#8221;text-left&#8221; title_style=&#8221;headline-s&#8221; title_color=&#8221;text-color-white&#8221; padding_top=&#8221;padding-top-10&#8243; padding_bottom=&#8221;padding-bottom-20&#8243;][wr_vc_title title=&#8221;Depuis nos ateliers \u00e0 Barcelone, Madrid et Porto, nous r\u00e9alisons des projets \u00e0 l&#8217;\u00e9chelle europ\u00e9enne.&#8221; animation_delay=&#8221;01&#8243;][\/wr_vc_titles][\/vc_column][\/vc_row][vc_row section_back_opt=&#8221;section-bg-dark-2&#8243; sec_text_color_opt=&#8221;text-color-white&#8221; sec_text_align_opt=&#8221;text-center&#8221; row_padding_top=&#8221;padding-top-90&#8243; row_padding_bottom=&#8221;no-padding-bottom&#8221;][vc_column width=&#8221;1\/3&#8243;][vc_column_text css=&#8221;&#8221;]\n<h4 class=\"p1\" style=\"text-align: center;\">SI\u00c8GE<br \/>\nBARCELONE<\/h4>\n<p>&nbsp;<\/p>\n<p class=\"p1\" style=\"text-align: center;\"><span class=\"TextRun MacChromeBold SCXW130723986 BCX0\" lang=\"ES-ES\" xml:lang=\"ES-ES\" data-contrast=\"auto\"><span class=\"NormalTextRun SCXW130723986 BCX0\">Carrer de Santander, 75 bis<\/span><\/span><\/p>\n<p class=\"p1\" style=\"text-align: center;\">Sant Andreu, 08020 Barcelona<\/p>\n[\/vc_column_text][\/vc_column][vc_column width=&#8221;1\/3&#8243;][vc_column_text css=&#8221;&#8221;]\n<h4 class=\"p1\" style=\"text-align: center;\">ATELIER<br \/>\nPORTO<\/h4>\n<p>&nbsp;<\/p>\n<p class=\"p1\" style=\"text-align: center;\">Rua das Cancelas 8<\/p>\n<p class=\"p1\" style=\"text-align: center;\">4425-531\u00a0 Porto<\/p>\n[\/vc_column_text][\/vc_column][vc_column width=&#8221;1\/3&#8243;][vc_column_text css=&#8221;&#8221;]\n<h4 class=\"p1\" style=\"text-align: center;\">BUREAUX<br \/>\nMADRID<\/h4>\n<p>&nbsp;<\/p>\n<p class=\"p1\" style=\"text-align: center;\">C\/ Sorgo, 58<\/p>\n<p class=\"p2\" style=\"text-align: center;\">Madrid 28029<\/p>\n[\/vc_column_text][\/vc_column][\/vc_row][vc_row section_back_opt=&#8221;section-bg-dark-2&#8243; sec_text_color_opt=&#8221;text-color-white&#8221; row_padding_top=&#8221;padding-top-30&#8243; row_padding_bottom=&#8221;padding-bottom-60&#8243;][vc_column][wr_vc_titles title_style=&#8221;headline-xs&#8221; title_color=&#8221;text-color-white&#8221;][wr_vc_title title=&#8221;`{`span`}`\u00c9crivez-nous!`{`\/span`}`&#8221; animation_delay=&#8221;01&#8243;][\/wr_vc_titles][vc_column_text]\n<p style=\"text-align: center;\"><a href=\"mailto:hello@studiodelikatessen.art\">hello@studiodelikatessen.art<\/a><\/p>\n[\/vc_column_text][\/vc_column][\/vc_row]\n<\/div>","protected":false},"excerpt":{"rendered":"<p>[vc_row row_type=&#8221;sec2&#8243; enable_full_height_sec=&#8221;st2&#8243; umaya_background_image=&#8221;2508&#8243; sec_text_color_opt=&#8221;text-color-white&#8221; row_padding_top=&#8221;padding-top-90&#8243; row_padding_bottom=&#8221;no-padding-bottom&#8221; css=&#8221;.vc_custom_1718273938284{background-position: center !important;background-repeat: no-repeat !important;background-size: cover !important;}&#8221;][vc_column][wr_vc_titles text_align=&#8221;text-left&#8221; title_style=&#8221;headline-xs&#8221; title_color=&#8221;text-color-white&#8221;][wr_vc_title title=&#8221;`{`span`}` Contactez-Nous`{`\/span`}`&#8221; animation_delay=&#8221;00&#8243;][\/wr_vc_titles][wr_vc_titles text_align=&#8221;text-left&#8221; title_style=&#8221;headline-s&#8221;&#8230;<\/p>\n","protected":false},"author":1,"featured_media":0,"parent":0,"menu_order":0,"comment_status":"closed","ping_status":"closed","template":"","meta":{"footnotes":""},"class_list":["post-5719","page","type-page","status-publish","hentry"],"yoast_head":"<!-- This site is optimized with the Yoast SEO plugin v27.2 - https:\/\/yoast.com\/product\/yoast-seo-wordpress\/ -->\n<title>Contact - Studiodelikatessen<\/title>\n<meta name=\"robots\" content=\"index, follow, max-snippet:-1, max-image-preview:large, max-video-preview:-1\" \/>\n<link rel=\"canonical\" href=\"https:\/\/studiodelikatessen.art\/fr\/contact\/\" \/>\n<meta property=\"og:locale\" content=\"fr_FR\" \/>\n<meta property=\"og:type\" content=\"article\" \/>\n<meta property=\"og:title\" content=\"Contact - Studiodelikatessen\" \/>\n<meta property=\"og:description\" content=\"[vc_row row_type=&#8221;sec2&#8243; enable_full_height_sec=&#8221;st2&#8243; umaya_background_image=&#8221;2508&#8243; sec_text_color_opt=&#8221;text-color-white&#8221; row_padding_top=&#8221;padding-top-90&#8243; row_padding_bottom=&#8221;no-padding-bottom&#8221; css=&#8221;.vc_custom_1718273938284{background-position: center !important;background-repeat: no-repeat !important;background-size: cover !important;}&#8221;][vc_column][wr_vc_titles text_align=&#8221;text-left&#8221; title_style=&#8221;headline-xs&#8221; title_color=&#8221;text-color-white&#8221;][wr_vc_title title=&#8221;`{`span`}` Contactez-Nous`{`\/span`}`&#8221; animation_delay=&#8221;00&#8243;][\/wr_vc_titles][wr_vc_titles text_align=&#8221;text-left&#8221; title_style=&#8221;headline-s&#8221;...\" \/>\n<meta property=\"og:url\" content=\"https:\/\/studiodelikatessen.art\/fr\/contact\/\" \/>\n<meta property=\"og:site_name\" content=\"Studiodelikatessen\" \/>\n<meta property=\"article:modified_time\" content=\"2025-04-24T10:13:52+00:00\" \/>\n<meta name=\"twitter:card\" content=\"summary_large_image\" \/>\n<meta name=\"twitter:label1\" content=\"Dur\u00e9e de lecture estim\u00e9e\" \/>\n\t<meta name=\"twitter:data1\" content=\"1 minute\" \/>\n<script type=\"application\/ld+json\" class=\"yoast-schema-graph\">{\"@context\":\"https:\/\/schema.org\",\"@graph\":[{\"@type\":\"WebPage\",\"@id\":\"https:\/\/studiodelikatessen.art\/fr\/contact\/\",\"url\":\"https:\/\/studiodelikatessen.art\/fr\/contact\/\",\"name\":\"Contact - Studiodelikatessen\",\"isPartOf\":{\"@id\":\"https:\/\/studiodelikatessen.art\/#website\"},\"datePublished\":\"2020-12-08T15:49:12+00:00\",\"dateModified\":\"2025-04-24T10:13:52+00:00\",\"breadcrumb\":{\"@id\":\"https:\/\/studiodelikatessen.art\/fr\/contact\/#breadcrumb\"},\"inLanguage\":\"fr-FR\",\"potentialAction\":[{\"@type\":\"ReadAction\",\"target\":[\"https:\/\/studiodelikatessen.art\/fr\/contact\/\"]}]},{\"@type\":\"BreadcrumbList\",\"@id\":\"https:\/\/studiodelikatessen.art\/fr\/contact\/#breadcrumb\",\"itemListElement\":[{\"@type\":\"ListItem\",\"position\":1,\"name\":\"Home\",\"item\":\"https:\/\/studiodelikatessen.art\/fr\/\"},{\"@type\":\"ListItem\",\"position\":2,\"name\":\"Contact\"}]},{\"@type\":\"WebSite\",\"@id\":\"https:\/\/studiodelikatessen.art\/#website\",\"url\":\"https:\/\/studiodelikatessen.art\/\",\"name\":\"Studiodelikatessen\",\"description\":\"We Design and Produce Experiential Environments and Unique Objects for Brands and Cultural Events\",\"publisher\":{\"@id\":\"https:\/\/studiodelikatessen.art\/#organization\"},\"potentialAction\":[{\"@type\":\"SearchAction\",\"target\":{\"@type\":\"EntryPoint\",\"urlTemplate\":\"https:\/\/studiodelikatessen.art\/?s={search_term_string}\"},\"query-input\":{\"@type\":\"PropertyValueSpecification\",\"valueRequired\":true,\"valueName\":\"search_term_string\"}}],\"inLanguage\":\"fr-FR\"},{\"@type\":\"Organization\",\"@id\":\"https:\/\/studiodelikatessen.art\/#organization\",\"name\":\"Studiodelikatessen\",\"url\":\"https:\/\/studiodelikatessen.art\/\",\"logo\":{\"@type\":\"ImageObject\",\"inLanguage\":\"fr-FR\",\"@id\":\"https:\/\/studiodelikatessen.art\/#\/schema\/logo\/image\/\",\"url\":\"https:\/\/studiodelikatessen.art\/wp-content\/uploads\/2021\/12\/logoSD-black.png\",\"contentUrl\":\"https:\/\/studiodelikatessen.art\/wp-content\/uploads\/2021\/12\/logoSD-black.png\",\"width\":651,\"height\":114,\"caption\":\"Studiodelikatessen\"},\"image\":{\"@id\":\"https:\/\/studiodelikatessen.art\/#\/schema\/logo\/image\/\"}}]}<\/script>\n<!-- \/ Yoast SEO plugin. -->","yoast_head_json":{"title":"Contact - Studiodelikatessen","robots":{"index":"index","follow":"follow","max-snippet":"max-snippet:-1","max-image-preview":"max-image-preview:large","max-video-preview":"max-video-preview:-1"},"canonical":"https:\/\/studiodelikatessen.art\/fr\/contact\/","og_locale":"fr_FR","og_type":"article","og_title":"Contact - Studiodelikatessen","og_description":"[vc_row row_type=&#8221;sec2&#8243; enable_full_height_sec=&#8221;st2&#8243; umaya_background_image=&#8221;2508&#8243; sec_text_color_opt=&#8221;text-color-white&#8221; row_padding_top=&#8221;padding-top-90&#8243; row_padding_bottom=&#8221;no-padding-bottom&#8221; css=&#8221;.vc_custom_1718273938284{background-position: center !important;background-repeat: no-repeat !important;background-size: cover !important;}&#8221;][vc_column][wr_vc_titles text_align=&#8221;text-left&#8221; title_style=&#8221;headline-xs&#8221; title_color=&#8221;text-color-white&#8221;][wr_vc_title title=&#8221;`{`span`}` Contactez-Nous`{`\/span`}`&#8221; animation_delay=&#8221;00&#8243;][\/wr_vc_titles][wr_vc_titles text_align=&#8221;text-left&#8221; title_style=&#8221;headline-s&#8221;...","og_url":"https:\/\/studiodelikatessen.art\/fr\/contact\/","og_site_name":"Studiodelikatessen","article_modified_time":"2025-04-24T10:13:52+00:00","twitter_card":"summary_large_image","twitter_misc":{"Dur\u00e9e de lecture estim\u00e9e":"1 minute"},"schema":{"@context":"https:\/\/schema.org","@graph":[{"@type":"WebPage","@id":"https:\/\/studiodelikatessen.art\/fr\/contact\/","url":"https:\/\/studiodelikatessen.art\/fr\/contact\/","name":"Contact - Studiodelikatessen","isPartOf":{"@id":"https:\/\/studiodelikatessen.art\/#website"},"datePublished":"2020-12-08T15:49:12+00:00","dateModified":"2025-04-24T10:13:52+00:00","breadcrumb":{"@id":"https:\/\/studiodelikatessen.art\/fr\/contact\/#breadcrumb"},"inLanguage":"fr-FR","potentialAction":[{"@type":"ReadAction","target":["https:\/\/studiodelikatessen.art\/fr\/contact\/"]}]},{"@type":"BreadcrumbList","@id":"https:\/\/studiodelikatessen.art\/fr\/contact\/#breadcrumb","itemListElement":[{"@type":"ListItem","position":1,"name":"Home","item":"https:\/\/studiodelikatessen.art\/fr\/"},{"@type":"ListItem","position":2,"name":"Contact"}]},{"@type":"WebSite","@id":"https:\/\/studiodelikatessen.art\/#website","url":"https:\/\/studiodelikatessen.art\/","name":"Studiodelikatessen","description":"We Design and Produce Experiential Environments and Unique Objects for Brands and Cultural Events","publisher":{"@id":"https:\/\/studiodelikatessen.art\/#organization"},"potentialAction":[{"@type":"SearchAction","target":{"@type":"EntryPoint","urlTemplate":"https:\/\/studiodelikatessen.art\/?s={search_term_string}"},"query-input":{"@type":"PropertyValueSpecification","valueRequired":true,"valueName":"search_term_string"}}],"inLanguage":"fr-FR"},{"@type":"Organization","@id":"https:\/\/studiodelikatessen.art\/#organization","name":"Studiodelikatessen","url":"https:\/\/studiodelikatessen.art\/","logo":{"@type":"ImageObject","inLanguage":"fr-FR","@id":"https:\/\/studiodelikatessen.art\/#\/schema\/logo\/image\/","url":"https:\/\/studiodelikatessen.art\/wp-content\/uploads\/2021\/12\/logoSD-black.png","contentUrl":"https:\/\/studiodelikatessen.art\/wp-content\/uploads\/2021\/12\/logoSD-black.png","width":651,"height":114,"caption":"Studiodelikatessen"},"image":{"@id":"https:\/\/studiodelikatessen.art\/#\/schema\/logo\/image\/"}}]}},"_links":{"self":[{"href":"https:\/\/studiodelikatessen.art\/fr\/wp-json\/wp\/v2\/pages\/5719","targetHints":{"allow":["GET"]}}],"collection":[{"href":"https:\/\/studiodelikatessen.art\/fr\/wp-json\/wp\/v2\/pages"}],"about":[{"href":"https:\/\/studiodelikatessen.art\/fr\/wp-json\/wp\/v2\/types\/page"}],"author":[{"embeddable":true,"href":"https:\/\/studiodelikatessen.art\/fr\/wp-json\/wp\/v2\/users\/1"}],"replies":[{"embeddable":true,"href":"https:\/\/studiodelikatessen.art\/fr\/wp-json\/wp\/v2\/comments?post=5719"}],"version-history":[{"count":6,"href":"https:\/\/studiodelikatessen.art\/fr\/wp-json\/wp\/v2\/pages\/5719\/revisions"}],"predecessor-version":[{"id":6359,"href":"https:\/\/studiodelikatessen.art\/fr\/wp-json\/wp\/v2\/pages\/5719\/revisions\/6359"}],"wp:attachment":[{"href":"https:\/\/studiodelikatessen.art\/fr\/wp-json\/wp\/v2\/media?parent=5719"}],"curies":[{"name":"wp","href":"https:\/\/api.w.org\/{rel}","templated":true}]}}