{"id":6036,"date":"2024-06-10T16:27:53","date_gmt":"2024-06-10T15:27:53","guid":{"rendered":"https:\/\/studiodelikatessen.art\/leistungen\/"},"modified":"2025-05-07T11:58:37","modified_gmt":"2025-05-07T10:58:37","slug":"leistungen","status":"publish","type":"page","link":"https:\/\/studiodelikatessen.art\/de\/leistungen\/","title":{"rendered":"Leistungen"},"content":{"rendered":"<div class=\"wpb-content-wrapper\">[vc_row row_type=&#8221;sec2&#8243; enable_full_height_sec=&#8221;st2&#8243; umaya_background_image=&#8221;2514&#8243; sec_text_color_opt=&#8221;text-color-white&#8221; row_padding_top=&#8221;padding-top-90&#8243; row_padding_bottom=&#8221;no-padding-bottom&#8221;][vc_column][wr_vc_titles text_align=&#8221;text-left&#8221; title_style=&#8221;headline-xs&#8221; title_color=&#8221;text-color-white&#8221;][wr_vc_title title=&#8221;`{`span`}`Unsere Leistungen`{`\/span`}`&#8221; animation_delay=&#8221;00&#8243;][\/wr_vc_titles][wr_vc_titles text_align=&#8221;text-left&#8221; title_style=&#8221;headline-s&#8221; title_color=&#8221;text-color-white&#8221; padding_top=&#8221;padding-top-10&#8243; padding_bottom=&#8221;padding-bottom-20&#8243;][wr_vc_title title=&#8221;Kunst, Handwerk und Technologie`{`br`}`f\u00fcr Marken, Agenturen und Institutionen&#8221; animation_delay=&#8221;01&#8243;][\/wr_vc_titles][\/vc_column][\/vc_row][vc_row section_back_opt=&#8221;section-bg-dark-1&#8243;][vc_column width=&#8221;1\/5&#8243;][vc_single_image image=&#8221;3172&#8243; img_size=&#8221;full&#8221;][wr_vc_simple_title title=&#8221;IMAGE&#8221; title_tag=&#8221;h3&#8243; text_align=&#8221;text-left&#8221; title_style=&#8221;headline-xxs&#8221; title_color=&#8221;text-color-white&#8221; padding_bottom=&#8221;padding-bottom-20&#8243;][wr_vc_simple_title title=&#8221;Corporate&#8221; title_tag=&#8221;h6&#8243; text_align=&#8221;text-left&#8221; title_style=&#8221;headline-xxxxs&#8221; title_color=&#8221;text-color-white&#8221; padding_bottom=&#8221;padding-bottom-10&#8243;][wr_vc_simple_title title=&#8221;Audiovisuell&#8221; title_tag=&#8221;h6&#8243; text_align=&#8221;text-left&#8221; title_style=&#8221;headline-xxxxs&#8221; title_color=&#8221;text-color-white&#8221; padding_bottom=&#8221;padding-bottom-10&#8243;][wr_vc_simple_title title=&#8221;Beschilderung&#8221; title_tag=&#8221;h6&#8243; text_align=&#8221;text-left&#8221; title_style=&#8221;headline-xxxxs&#8221; title_color=&#8221;text-color-white&#8221; padding_bottom=&#8221;padding-bottom-10&#8243;][wr_vc_simple_title title=&#8221;Merchandising&#8221; title_tag=&#8221;h6&#8243; text_align=&#8221;text-left&#8221; title_style=&#8221;headline-xxxxs&#8221; title_color=&#8221;text-color-white&#8221; padding_bottom=&#8221;padding-bottom-10&#8243;][vc_empty_space height=&#8221;52px&#8221;][\/vc_column][vc_column width=&#8221;1\/5&#8243;][vc_single_image image=&#8221;2389&#8243; img_size=&#8221;full&#8221;][wr_vc_simple_title title=&#8221;EVENTS&#8221; title_tag=&#8221;h3&#8243; text_align=&#8221;text-left&#8221; title_style=&#8221;headline-xxs&#8221; title_color=&#8221;text-color-white&#8221; padding_bottom=&#8221;padding-bottom-20&#8243;][wr_vc_simple_title title=&#8221;Festival&#8221; title_tag=&#8221;h6&#8243; text_align=&#8221;text-left&#8221; title_style=&#8221;headline-xxxxs&#8221; title_color=&#8221;text-color-white&#8221; padding_bottom=&#8221;padding-bottom-10&#8243;][wr_vc_simple_title title=&#8221;Firmenanl\u00e4sse&#8221; title_tag=&#8221;h6&#8243; text_align=&#8221;text-left&#8221; title_style=&#8221;headline-xxxxs&#8221; title_color=&#8221;text-color-white&#8221; padding_bottom=&#8221;padding-bottom-10&#8243;][wr_vc_simple_title title=&#8221;Messen&#8221; title_tag=&#8221;h6&#8243; text_align=&#8221;text-left&#8221; title_style=&#8221;headline-xxxxs&#8221; title_color=&#8221;text-color-white&#8221; padding_bottom=&#8221;padding-bottom-10&#8243;][wr_vc_simple_title title=&#8221;Presse\/Launch&#8221; title_tag=&#8221;h6&#8243; text_align=&#8221;text-left&#8221; title_style=&#8221;headline-xxxxs&#8221; title_color=&#8221;text-color-white&#8221; padding_bottom=&#8221;padding-bottom-10&#8243;][vc_empty_space height=&#8221;52px&#8221;][\/vc_column][vc_column width=&#8221;1\/5&#8243;][vc_single_image image=&#8221;5025&#8243; img_size=&#8221;full&#8221; css=&#8221;&#8221;][wr_vc_simple_title title=&#8221;FREIZEIT&#8221; title_tag=&#8221;h3&#8243; text_align=&#8221;text-left&#8221; title_style=&#8221;headline-xxs&#8221; title_color=&#8221;text-color-white&#8221; padding_bottom=&#8221;padding-bottom-20&#8243;][wr_vc_simple_title title=&#8221;Horeca&#8221; title_tag=&#8221;h6&#8243; text_align=&#8221;text-left&#8221; title_style=&#8221;headline-xxxxs&#8221; title_color=&#8221;text-color-white&#8221; padding_bottom=&#8221;padding-bottom-10&#8243;][wr_vc_simple_title title=&#8221;Brandclub&#8221; title_tag=&#8221;h6&#8243; text_align=&#8221;text-left&#8221; title_style=&#8221;headline-xxxxs&#8221; title_color=&#8221;text-color-white&#8221; padding_bottom=&#8221;padding-bottom-10&#8243;][wr_vc_simple_title title=&#8221;Club&#8221; title_tag=&#8221;h6&#8243; text_align=&#8221;text-left&#8221; title_style=&#8221;headline-xxxxs&#8221; title_color=&#8221;text-color-white&#8221; padding_bottom=&#8221;padding-bottom-10&#8243;][wr_vc_simple_title title=&#8221;Landschaften&#8221; title_tag=&#8221;h6&#8243; text_align=&#8221;text-left&#8221; title_style=&#8221;headline-xxxxs&#8221; title_color=&#8221;text-color-white&#8221; padding_bottom=&#8221;padding-bottom-10&#8243;][vc_empty_space height=&#8221;52px&#8221;][\/vc_column][vc_column width=&#8221;1\/5&#8243;][vc_single_image image=&#8221;3217&#8243; img_size=&#8221;full&#8221;][wr_vc_simple_title title=&#8221;SHOWS&#8221; title_tag=&#8221;h3&#8243; text_align=&#8221;text-left&#8221; title_style=&#8221;headline-xxs&#8221; title_color=&#8221;text-color-white&#8221; padding_bottom=&#8221;padding-bottom-20&#8243;][wr_vc_simple_title title=&#8221;Museen&#8221; title_tag=&#8221;h6&#8243; text_align=&#8221;text-left&#8221; title_style=&#8221;headline-xxxxs&#8221; title_color=&#8221;text-color-white&#8221; padding_bottom=&#8221;padding-bottom-10&#8243;][wr_vc_simple_title title=&#8221;Kunst &amp; Handwerk&#8221; title_tag=&#8221;h6&#8243; text_align=&#8221;text-left&#8221; title_style=&#8221;headline-xxxxs&#8221; title_color=&#8221;text-color-white&#8221; padding_bottom=&#8221;padding-bottom-10&#8243;][wr_vc_simple_title title=&#8221;Ausstellungen&#8221; title_tag=&#8221;h6&#8243; text_align=&#8221;text-left&#8221; title_style=&#8221;headline-xxxxs&#8221; title_color=&#8221;text-color-white&#8221; padding_bottom=&#8221;padding-bottom-10&#8243;][wr_vc_simple_title title=&#8221;Showrooms&#8221; title_tag=&#8221;h6&#8243; text_align=&#8221;text-left&#8221; title_style=&#8221;headline-xxxxs&#8221; title_color=&#8221;text-color-white&#8221; padding_bottom=&#8221;padding-bottom-10&#8243;][vc_empty_space height=&#8221;52px&#8221;][\/vc_column][vc_column width=&#8221;1\/5&#8243;][vc_single_image image=&#8221;2392&#8243; img_size=&#8221;full&#8221;][wr_vc_simple_title title=&#8221;RETAIL&#8221; title_tag=&#8221;h3&#8243; text_align=&#8221;text-left&#8221; title_style=&#8221;headline-xxs&#8221; title_color=&#8221;text-color-white&#8221; padding_bottom=&#8221;padding-bottom-20&#8243;][wr_vc_simple_title title=&#8221;Stores&#8221; title_tag=&#8221;h6&#8243; text_align=&#8221;text-left&#8221; title_style=&#8221;headline-xxxxs&#8221; title_color=&#8221;text-color-white&#8221; padding_bottom=&#8221;padding-bottom-10&#8243;][wr_vc_simple_title title=&#8221;Displays&#8221; title_tag=&#8221;h6&#8243; text_align=&#8221;text-left&#8221; title_style=&#8221;headline-xxxxs&#8221; title_color=&#8221;text-color-white&#8221; padding_bottom=&#8221;padding-bottom-10&#8243;][wr_vc_simple_title title=&#8221;Schaufenster&#8221; title_tag=&#8221;h6&#8243; text_align=&#8221;text-left&#8221; title_style=&#8221;headline-xxxxs&#8221; title_color=&#8221;text-color-white&#8221; padding_bottom=&#8221;padding-bottom-10&#8243;][wr_vc_simple_title title=&#8221;Pop-up\/Pop-in&#8221; title_tag=&#8221;h6&#8243; text_align=&#8221;text-left&#8221; title_style=&#8221;headline-xxxxs&#8221; title_color=&#8221;text-color-white&#8221; padding_bottom=&#8221;padding-bottom-10&#8243;][vc_empty_space height=&#8221;52px&#8221;][\/vc_column][\/vc_row][vc_row section_back_opt=&#8221;section-bg-dark-2&#8243; row_padding_top=&#8221;padding-top-30&#8243; row_padding_bottom=&#8221;padding-bottom-20&#8243;][vc_column][wr_vc_titles title_style=&#8221;headline-xl&#8221; title_color=&#8221;text-color-white&#8221; padding_top=&#8221;padding-top-60&#8243;][wr_vc_title title=&#8221;Handwerkliche und produktionstechnische Skills&#8221; animation_delay=&#8221;1&#8243;][\/wr_vc_titles][wr_vc_titles title_tag=&#8221;h2&#8243; title_style=&#8221;headline-xs&#8221; title_color=&#8221;text-color-white&#8221; padding_top=&#8221;padding-top-30&#8243; padding_bottom=&#8221;padding-bottom-120&#8243;][wr_vc_title title=&#8221;Als K\u00fcnstler und Produzenten bieten wir die besten TECHNISCHEN L\u00d6SUNGEN mit herausragendem \u00c4STHETISCHEN AUSDRUCK bei gleichzeitiger Optimierung des Budgets. Von unseren Werkst\u00e4tten in Barcelona, \u200b\u200bMadrid und Porto aus realisieren wir Projekte in ganz Europa.&#8221;][\/wr_vc_titles][\/vc_column][\/vc_row]\n<\/div>","protected":false},"excerpt":{"rendered":"<p>[vc_row row_type=&#8221;sec2&#8243; enable_full_height_sec=&#8221;st2&#8243; umaya_background_image=&#8221;2514&#8243; sec_text_color_opt=&#8221;text-color-white&#8221; row_padding_top=&#8221;padding-top-90&#8243; row_padding_bottom=&#8221;no-padding-bottom&#8221;][vc_column][wr_vc_titles text_align=&#8221;text-left&#8221; title_style=&#8221;headline-xs&#8221; title_color=&#8221;text-color-white&#8221;][wr_vc_title title=&#8221;`{`span`}`Unsere Leistungen`{`\/span`}`&#8221; animation_delay=&#8221;00&#8243;][\/wr_vc_titles][wr_vc_titles text_align=&#8221;text-left&#8221; title_style=&#8221;headline-s&#8221; title_color=&#8221;text-color-white&#8221; padding_top=&#8221;padding-top-10&#8243; padding_bottom=&#8221;padding-bottom-20&#8243;][wr_vc_title title=&#8221;Kunst, Handwerk und Technologie`{`br`}`f\u00fcr&#8230;<\/p>\n","protected":false},"author":4,"featured_media":0,"parent":0,"menu_order":0,"comment_status":"closed","ping_status":"closed","template":"","meta":{"footnotes":""},"class_list":["post-6036","page","type-page","status-publish","hentry"],"yoast_head":"<!-- This site is optimized with the Yoast SEO plugin v27.2 - https:\/\/yoast.com\/product\/yoast-seo-wordpress\/ -->\n<title>Leistungen - Studiodelikatessen<\/title>\n<meta name=\"robots\" content=\"index, follow, max-snippet:-1, max-image-preview:large, max-video-preview:-1\" \/>\n<link rel=\"canonical\" href=\"https:\/\/studiodelikatessen.art\/de\/leistungen\/\" \/>\n<meta property=\"og:locale\" content=\"de_DE\" \/>\n<meta property=\"og:type\" content=\"article\" \/>\n<meta property=\"og:title\" content=\"Leistungen - Studiodelikatessen\" \/>\n<meta property=\"og:description\" content=\"[vc_row row_type=&#8221;sec2&#8243; enable_full_height_sec=&#8221;st2&#8243; umaya_background_image=&#8221;2514&#8243; sec_text_color_opt=&#8221;text-color-white&#8221; row_padding_top=&#8221;padding-top-90&#8243; row_padding_bottom=&#8221;no-padding-bottom&#8221;][vc_column][wr_vc_titles text_align=&#8221;text-left&#8221; title_style=&#8221;headline-xs&#8221; title_color=&#8221;text-color-white&#8221;][wr_vc_title title=&#8221;`{`span`}`Unsere Leistungen`{`\/span`}`&#8221; animation_delay=&#8221;00&#8243;][\/wr_vc_titles][wr_vc_titles text_align=&#8221;text-left&#8221; title_style=&#8221;headline-s&#8221; title_color=&#8221;text-color-white&#8221; padding_top=&#8221;padding-top-10&#8243; padding_bottom=&#8221;padding-bottom-20&#8243;][wr_vc_title title=&#8221;Kunst, Handwerk und Technologie`{`br`}`f\u00fcr...\" \/>\n<meta property=\"og:url\" content=\"https:\/\/studiodelikatessen.art\/de\/leistungen\/\" \/>\n<meta property=\"og:site_name\" content=\"Studiodelikatessen\" \/>\n<meta property=\"article:modified_time\" content=\"2025-05-07T10:58:37+00:00\" \/>\n<meta name=\"twitter:card\" content=\"summary_large_image\" \/>\n<meta name=\"twitter:label1\" content=\"Gesch\u00e4tzte Lesezeit\" \/>\n\t<meta name=\"twitter:data1\" content=\"2\u00a0Minuten\" \/>\n<script type=\"application\/ld+json\" class=\"yoast-schema-graph\">{\"@context\":\"https:\/\/schema.org\",\"@graph\":[{\"@type\":\"WebPage\",\"@id\":\"https:\/\/studiodelikatessen.art\/de\/leistungen\/\",\"url\":\"https:\/\/studiodelikatessen.art\/de\/leistungen\/\",\"name\":\"Leistungen - Studiodelikatessen\",\"isPartOf\":{\"@id\":\"https:\/\/studiodelikatessen.art\/#website\"},\"datePublished\":\"2024-06-10T15:27:53+00:00\",\"dateModified\":\"2025-05-07T10:58:37+00:00\",\"breadcrumb\":{\"@id\":\"https:\/\/studiodelikatessen.art\/de\/leistungen\/#breadcrumb\"},\"inLanguage\":\"de\",\"potentialAction\":[{\"@type\":\"ReadAction\",\"target\":[\"https:\/\/studiodelikatessen.art\/de\/leistungen\/\"]}]},{\"@type\":\"BreadcrumbList\",\"@id\":\"https:\/\/studiodelikatessen.art\/de\/leistungen\/#breadcrumb\",\"itemListElement\":[{\"@type\":\"ListItem\",\"position\":1,\"name\":\"Home\",\"item\":\"https:\/\/studiodelikatessen.art\/de\/\"},{\"@type\":\"ListItem\",\"position\":2,\"name\":\"Leistungen\"}]},{\"@type\":\"WebSite\",\"@id\":\"https:\/\/studiodelikatessen.art\/#website\",\"url\":\"https:\/\/studiodelikatessen.art\/\",\"name\":\"Studiodelikatessen\",\"description\":\"We Design and Produce Experiential Environments and Unique Objects for Brands and Cultural Events\",\"publisher\":{\"@id\":\"https:\/\/studiodelikatessen.art\/#organization\"},\"potentialAction\":[{\"@type\":\"SearchAction\",\"target\":{\"@type\":\"EntryPoint\",\"urlTemplate\":\"https:\/\/studiodelikatessen.art\/?s={search_term_string}\"},\"query-input\":{\"@type\":\"PropertyValueSpecification\",\"valueRequired\":true,\"valueName\":\"search_term_string\"}}],\"inLanguage\":\"de\"},{\"@type\":\"Organization\",\"@id\":\"https:\/\/studiodelikatessen.art\/#organization\",\"name\":\"Studiodelikatessen\",\"url\":\"https:\/\/studiodelikatessen.art\/\",\"logo\":{\"@type\":\"ImageObject\",\"inLanguage\":\"de\",\"@id\":\"https:\/\/studiodelikatessen.art\/#\/schema\/logo\/image\/\",\"url\":\"https:\/\/studiodelikatessen.art\/wp-content\/uploads\/2021\/12\/logoSD-black.png\",\"contentUrl\":\"https:\/\/studiodelikatessen.art\/wp-content\/uploads\/2021\/12\/logoSD-black.png\",\"width\":651,\"height\":114,\"caption\":\"Studiodelikatessen\"},\"image\":{\"@id\":\"https:\/\/studiodelikatessen.art\/#\/schema\/logo\/image\/\"}}]}<\/script>\n<!-- \/ Yoast SEO plugin. -->","yoast_head_json":{"title":"Leistungen - Studiodelikatessen","robots":{"index":"index","follow":"follow","max-snippet":"max-snippet:-1","max-image-preview":"max-image-preview:large","max-video-preview":"max-video-preview:-1"},"canonical":"https:\/\/studiodelikatessen.art\/de\/leistungen\/","og_locale":"de_DE","og_type":"article","og_title":"Leistungen - Studiodelikatessen","og_description":"[vc_row row_type=&#8221;sec2&#8243; enable_full_height_sec=&#8221;st2&#8243; umaya_background_image=&#8221;2514&#8243; sec_text_color_opt=&#8221;text-color-white&#8221; row_padding_top=&#8221;padding-top-90&#8243; row_padding_bottom=&#8221;no-padding-bottom&#8221;][vc_column][wr_vc_titles text_align=&#8221;text-left&#8221; title_style=&#8221;headline-xs&#8221; title_color=&#8221;text-color-white&#8221;][wr_vc_title title=&#8221;`{`span`}`Unsere Leistungen`{`\/span`}`&#8221; animation_delay=&#8221;00&#8243;][\/wr_vc_titles][wr_vc_titles text_align=&#8221;text-left&#8221; title_style=&#8221;headline-s&#8221; title_color=&#8221;text-color-white&#8221; padding_top=&#8221;padding-top-10&#8243; padding_bottom=&#8221;padding-bottom-20&#8243;][wr_vc_title title=&#8221;Kunst, Handwerk und Technologie`{`br`}`f\u00fcr...","og_url":"https:\/\/studiodelikatessen.art\/de\/leistungen\/","og_site_name":"Studiodelikatessen","article_modified_time":"2025-05-07T10:58:37+00:00","twitter_card":"summary_large_image","twitter_misc":{"Gesch\u00e4tzte Lesezeit":"2\u00a0Minuten"},"schema":{"@context":"https:\/\/schema.org","@graph":[{"@type":"WebPage","@id":"https:\/\/studiodelikatessen.art\/de\/leistungen\/","url":"https:\/\/studiodelikatessen.art\/de\/leistungen\/","name":"Leistungen - Studiodelikatessen","isPartOf":{"@id":"https:\/\/studiodelikatessen.art\/#website"},"datePublished":"2024-06-10T15:27:53+00:00","dateModified":"2025-05-07T10:58:37+00:00","breadcrumb":{"@id":"https:\/\/studiodelikatessen.art\/de\/leistungen\/#breadcrumb"},"inLanguage":"de","potentialAction":[{"@type":"ReadAction","target":["https:\/\/studiodelikatessen.art\/de\/leistungen\/"]}]},{"@type":"BreadcrumbList","@id":"https:\/\/studiodelikatessen.art\/de\/leistungen\/#breadcrumb","itemListElement":[{"@type":"ListItem","position":1,"name":"Home","item":"https:\/\/studiodelikatessen.art\/de\/"},{"@type":"ListItem","position":2,"name":"Leistungen"}]},{"@type":"WebSite","@id":"https:\/\/studiodelikatessen.art\/#website","url":"https:\/\/studiodelikatessen.art\/","name":"Studiodelikatessen","description":"We Design and Produce Experiential Environments and Unique Objects for Brands and Cultural Events","publisher":{"@id":"https:\/\/studiodelikatessen.art\/#organization"},"potentialAction":[{"@type":"SearchAction","target":{"@type":"EntryPoint","urlTemplate":"https:\/\/studiodelikatessen.art\/?s={search_term_string}"},"query-input":{"@type":"PropertyValueSpecification","valueRequired":true,"valueName":"search_term_string"}}],"inLanguage":"de"},{"@type":"Organization","@id":"https:\/\/studiodelikatessen.art\/#organization","name":"Studiodelikatessen","url":"https:\/\/studiodelikatessen.art\/","logo":{"@type":"ImageObject","inLanguage":"de","@id":"https:\/\/studiodelikatessen.art\/#\/schema\/logo\/image\/","url":"https:\/\/studiodelikatessen.art\/wp-content\/uploads\/2021\/12\/logoSD-black.png","contentUrl":"https:\/\/studiodelikatessen.art\/wp-content\/uploads\/2021\/12\/logoSD-black.png","width":651,"height":114,"caption":"Studiodelikatessen"},"image":{"@id":"https:\/\/studiodelikatessen.art\/#\/schema\/logo\/image\/"}}]}},"_links":{"self":[{"href":"https:\/\/studiodelikatessen.art\/de\/wp-json\/wp\/v2\/pages\/6036","targetHints":{"allow":["GET"]}}],"collection":[{"href":"https:\/\/studiodelikatessen.art\/de\/wp-json\/wp\/v2\/pages"}],"about":[{"href":"https:\/\/studiodelikatessen.art\/de\/wp-json\/wp\/v2\/types\/page"}],"author":[{"embeddable":true,"href":"https:\/\/studiodelikatessen.art\/de\/wp-json\/wp\/v2\/users\/4"}],"replies":[{"embeddable":true,"href":"https:\/\/studiodelikatessen.art\/de\/wp-json\/wp\/v2\/comments?post=6036"}],"version-history":[{"count":5,"href":"https:\/\/studiodelikatessen.art\/de\/wp-json\/wp\/v2\/pages\/6036\/revisions"}],"predecessor-version":[{"id":6355,"href":"https:\/\/studiodelikatessen.art\/de\/wp-json\/wp\/v2\/pages\/6036\/revisions\/6355"}],"wp:attachment":[{"href":"https:\/\/studiodelikatessen.art\/de\/wp-json\/wp\/v2\/media?parent=6036"}],"curies":[{"name":"wp","href":"https:\/\/api.w.org\/{rel}","templated":true}]}}