{"id":5968,"date":"2023-06-07T18:40:07","date_gmt":"2023-06-07T17:40:07","guid":{"rendered":"https:\/\/studiodelikatessen.art\/uber-uns\/"},"modified":"2025-05-07T12:00:35","modified_gmt":"2025-05-07T11:00:35","slug":"uber-uns","status":"publish","type":"page","link":"https:\/\/studiodelikatessen.art\/de\/uber-uns\/","title":{"rendered":"\u00dcber uns"},"content":{"rendered":"<div class=\"wpb-content-wrapper\">[vc_row row_type=&#8221;sec2&#8243; enable_full_height_sec=&#8221;st2&#8243; umaya_background_image=&#8221;2507&#8243; sec_text_color_opt=&#8221;text-color-white&#8221; row_padding_top=&#8221;padding-top-90&#8243; row_padding_bottom=&#8221;no-padding-bottom&#8221;][vc_column][wr_vc_titles text_align=&#8221;text-left&#8221; title_style=&#8221;headline-xs&#8221; title_color=&#8221;text-color-white&#8221;][wr_vc_title title=&#8221;`{`span`}`\u00dcber uns`{`\/span`}`&#8221; animation_delay=&#8221;00&#8243;][\/wr_vc_titles][wr_vc_titles text_align=&#8221;text-left&#8221; title_tag=&#8221;h6&#8243; title_style=&#8221;headline-s&#8221; title_color=&#8221;text-color-white&#8221; padding_top=&#8221;padding-top-10&#8243;][wr_vc_title title=&#8221;Unser Team entwickelt Projekte mit h\u00f6chsten `{`br`}` Pr\u00e4zision, Komplexit\u00e4t und Herausforderungen&#8221; animation_delay=&#8221;02&#8243;][\/wr_vc_titles][\/vc_column][\/vc_row][vc_row section_back_opt=&#8221;section-bg-black&#8221; sec_text_color_opt=&#8221;text-color-e4e4e4&#8243; row_padding_top=&#8221;padding-top-60&#8243; row_padding_bottom=&#8221;padding-bottom-90&#8243;][vc_column][wr_vc_titles title_tag=&#8221;h2&#8243; title_style=&#8221;headline-m&#8221; title_color=&#8221;text-color-white&#8221; padding_top=&#8221;padding-top-30&#8243; padding_bottom=&#8221;padding-bottom-30&#8243;][wr_vc_title title=&#8221;KUNST, HANDWERK UND TECHNOLOGIE VEREINT&#8221; animation_delay=&#8221;1&#8243;][wr_vc_title title=&#8221;MIT MARKETING &amp; KULTUR&#8221; animation_delay=&#8221;2&#8243;][\/wr_vc_titles][wr_vc_titles title_tag=&#8221;h2&#8243; title_style=&#8221;headline-xs&#8221; title_color=&#8221;text-color-white&#8221; padding_top=&#8221;padding-top-10&#8243; padding_bottom=&#8221;padding-bottom-20&#8243;][wr_vc_title title=&#8221;Unser Studio wurde 2017 von Profis mit \u00fcber 25 Jahren Erfahrung gegr\u00fcndet. Von unseren Werkst\u00e4tten in Barcelona, Madrid und Porto aus liefern wir Projekte in ganz Europa.&#8221; animation_delay=&#8221;02&#8243;][\/wr_vc_titles][vc_empty_space height=&#8221;50px&#8221;][\/vc_column][\/vc_row][vc_row section_back_opt=&#8221;section-bg-dark-2&#8243; menu_logo_opt=&#8221;st2&#8243; row_padding_top=&#8221;padding-top-70&#8243; row_padding_bottom=&#8221;padding-bottom-50&#8243;][vc_column width=&#8221;1\/2&#8243;]<a href=\"https:\/\/studiodelikatessen.art\/wp-content\/uploads\/2024\/01\/about-2.jpg\" class=\"d-block hidden-box hover-box js-pointer-large js-animsition-link\" target=\"_self\"><div class=\"anim-fade js-scrollanim\">\n\t\t\t\t<img decoding=\"async\" class=\"img-hover-scale\" src=\"https:\/\/studiodelikatessen.art\/wp-content\/uploads\/2024\/08\/cherryontop.jpg\" alt=\"cherryontop\">\n\t\t\t\t<\/div><\/a>[\/vc_column][vc_column width=&#8221;1\/2&#8243;][wr_vc_titles text_align=&#8221;text-left&#8221; title_tag=&#8221;h2&#8243; title_style=&#8221;headline-xxs&#8221; padding_top=&#8221;padding-top-10&#8243; padding_bottom=&#8221;padding-bottom-20&#8243;][wr_vc_title title=&#8221;Wir setzen das Sahneh\u00e4ubchen auf&#8221;][\/wr_vc_titles]<div  class=\"body-text-l text-color-white text-left pull-left anim-text-reveal tr-delay-00 js-scrollanim\" >\n<p class=\"p1\">Unser Team ist daf\u00fcr bekannt, die anspruchsvollsten, experimentellsten und innovativsten Projekte in Angriff zu nehmen und zeichnet sich durch au\u00dfergew\u00f6hnliche Kommunikationsf\u00e4higkeit, technisches Fachwissen, umfangreiche Ressourcen und eine akribische Liebe zum Detail aus. Wir liefern den letzten Schliff, der Ihren Projekten neue H\u00f6hen verleiht.<\/p>\n<\/div>[vc_empty_space height=&#8221;50px&#8221;][\/vc_column][\/vc_row][vc_row section_back_opt=&#8221;section_color_custom&#8221; opt_background_color=&#8221;#e0e0e0&#8243; menu_logo_opt=&#8221;st2&#8243; row_padding_top=&#8221;padding-top-70&#8243; row_padding_bottom=&#8221;padding-bottom-50&#8243;][vc_column width=&#8221;1\/2&#8243;][wr_vc_titles text_align=&#8221;text-left&#8221; title_tag=&#8221;h2&#8243; title_style=&#8221;headline-xxs&#8221; padding_top=&#8221;padding-top-10&#8243; padding_bottom=&#8221;padding-bottom-20&#8243;][wr_vc_title title=&#8221;Wir gestalten die Essenz von Marken&#8221;][\/wr_vc_titles]<div  class=\"body-text-l text-color-0 text-left pull-left anim-text-reveal tr-delay-00 js-scrollanim\" >Durch jahrelange enge Zusammenarbeit mit Kunden bei unterschiedlichen Markenaufgaben wie Markenexpansion, Brand Spaces, Showrooms, Kooperationen, Co-Brandings, Off-Site-Events, Teambuilding Anl\u00e4ssen und Pressepr\u00e4sentationen haben wir ein tiefgreifendes Verst\u00e4ndnis f\u00fcr markeninterne Prozesse und ihre einzigartigen Ans\u00e4tze entwickelt, und wie wir ihre Bed\u00fcrfnisse und Anforderungen effektiv erf\u00fcllen k\u00f6nnen.<\/div>[vc_empty_space height=&#8221;10px&#8221;][\/vc_column][vc_column width=&#8221;1\/2&#8243;]<a href=\"#0\" class=\"d-block hidden-box hover-box js-pointer-large js-animsition-link\" target=\"_self\"><div class=\"anim-fade js-scrollanim\">\n\t\t\t\t<img decoding=\"async\" class=\"img-hover-scale\" src=\"https:\/\/studiodelikatessen.art\/wp-content\/uploads\/2024\/07\/about.jpg\" alt=\"about\">\n\t\t\t\t<\/div><\/a>[\/vc_column][\/vc_row][vc_row section_back_opt=&#8221;section-bg-dark-2&#8243; menu_logo_opt=&#8221;st2&#8243; row_padding_top=&#8221;padding-top-70&#8243; row_padding_bottom=&#8221;padding-bottom-50&#8243;][vc_column width=&#8221;1\/2&#8243;]<a href=\"#0\" class=\"d-block hidden-box hover-box js-pointer-large js-animsition-link\" target=\"_self\"><div class=\"anim-fade js-scrollanim\">\n\t\t\t\t<img decoding=\"async\" class=\"img-hover-scale\" src=\"https:\/\/studiodelikatessen.art\/wp-content\/uploads\/2024\/07\/guy.jpg\" alt=\"guy\">\n\t\t\t\t<\/div><\/a>[\/vc_column][vc_column width=&#8221;1\/2&#8243;][wr_vc_titles text_align=&#8221;text-left&#8221; title_tag=&#8221;h2&#8243; title_style=&#8221;headline-xxs&#8221; padding_top=&#8221;padding-top-10&#8243; padding_bottom=&#8221;padding-bottom-20&#8243;][wr_vc_title title=&#8221;Designer und Hersteller&#8221;][\/wr_vc_titles]<div  class=\"body-text-l text-color-white text-left pull-left anim-text-reveal tr-delay-00 js-scrollanim\" >\n<p class=\"p1\">Unser STRAIGHT-TO-THE-POINT-Ansatz navigiert die Komplexit\u00e4t, erweckt Ideen effizient zum Leben und optimiert Kosten und Zeit f\u00fcr einen au\u00dfergew\u00f6hnlichen ROI. Wir vereinen Werkstatt und Studio an einem Ort, Designer und Produzenten in einem Geist, K\u00fcnstler und Techniker in einem Team und Kreative und Kommunikatoren in einem Herzen, und schaffen eine vereinheitlichte Vision.<\/p>\n<\/div>[vc_empty_space height=&#8221;50px&#8221;][\/vc_column][\/vc_row][vc_row section_back_opt=&#8221;section_color_custom&#8221; opt_background_color=&#8221;#e0e0e0&#8243; menu_logo_opt=&#8221;st2&#8243; row_padding_top=&#8221;padding-top-70&#8243; row_padding_bottom=&#8221;padding-bottom-50&#8243;][vc_column width=&#8221;1\/2&#8243;][wr_vc_titles text_align=&#8221;text-left&#8221; title_tag=&#8221;h2&#8243; title_style=&#8221;headline-xxs&#8221; padding_top=&#8221;padding-top-10&#8243; padding_bottom=&#8221;padding-bottom-20&#8243;][wr_vc_title title=&#8221;Europaweites Netzwerk&#8221;][\/wr_vc_titles]<div  class=\"body-text-l text-color-0 text-left pull-left anim-text-reveal tr-delay-00 js-scrollanim\" >\n<p class=\"p1\">Im Laufe der Jahre hat unser Team dauerhafte Beziehungen zu K\u00fcnstlern, Handwerkern, Technikern, Produzenten und Bauherren in Spanien, Frankreich, Deutschland und Portugal aufgebaut. Dieses umfangreiche professionelle Netzwerk erm\u00f6glicht es uns, sowohl lokal als auch international Dienstleistungen nahtlos anzubieten.<\/p>\n<\/div>[vc_empty_space height=&#8221;50px&#8221;][\/vc_column][vc_column width=&#8221;1\/2&#8243;]<a href=\"#0\" class=\"d-block hidden-box hover-box js-pointer-large js-animsition-link\" target=\"_self\"><div class=\"anim-fade js-scrollanim\">\n\t\t\t\t<img decoding=\"async\" class=\"img-hover-scale\" src=\"https:\/\/studiodelikatessen.art\/wp-content\/uploads\/2024\/07\/f.image-about-copie-2-e1721136062925.jpg\" alt=\"f.image-about copie\">\n\t\t\t\t<\/div><\/a>[\/vc_column][\/vc_row][vc_row section_back_opt=&#8221;section-bg-dark-2&#8243; menu_logo_opt=&#8221;st2&#8243; row_padding_top=&#8221;padding-top-70&#8243; row_padding_bottom=&#8221;padding-bottom-50&#8243;][vc_column width=&#8221;1\/2&#8243;]<a href=\"https:\/\/studiodelikatessen.art\/wp-content\/uploads\/2024\/01\/about-2.jpg\" class=\"d-block hidden-box hover-box js-pointer-large js-animsition-link\" target=\"_self\"><div class=\"anim-fade js-scrollanim\">\n\t\t\t\t<img decoding=\"async\" class=\"img-hover-scale\" src=\"https:\/\/studiodelikatessen.art\/wp-content\/uploads\/2024\/07\/guy2.jpg\" alt=\"guy2\">\n\t\t\t\t<\/div><\/a>[\/vc_column][vc_column width=&#8221;1\/2&#8243;][wr_vc_titles text_align=&#8221;text-left&#8221; title_tag=&#8221;h2&#8243; title_style=&#8221;headline-xxs&#8221; padding_top=&#8221;padding-top-10&#8243; padding_bottom=&#8221;padding-bottom-20&#8243;][wr_vc_title title=&#8221;Multidisziplin\u00e4res Team&#8221;][\/wr_vc_titles]<div  class=\"body-text-l text-color-white text-left pull-left anim-text-reveal tr-delay-00 js-scrollanim\" >\n<p class=\"p1\">Unter der Leitung Kreativer mit \u00fcber 25 Jahren Erfahrung ist unser dynamisches Team der Innovation und Exzellenz verpflichtet. Wir sind spezialisiert auf Design, Produktion, Logistik und Installation und entwickeln wirkungsvolle L\u00f6sungen f\u00fcr den Einzelhandel, Veranstaltungen und das Gastgewerbe, mit denen wir die Marktanforderungen und neuesten Trends effektiv erf\u00fcllen.<\/p>\n<\/div>[vc_empty_space height=&#8221;50px&#8221;][\/vc_column][\/vc_row][vc_row section_back_opt=&#8221;section_color_custom&#8221; opt_background_color=&#8221;#e0e0e0&#8243; menu_logo_opt=&#8221;st2&#8243; row_padding_top=&#8221;padding-top-70&#8243; row_padding_bottom=&#8221;padding-bottom-50&#8243;][vc_column width=&#8221;1\/2&#8243;][wr_vc_titles text_align=&#8221;text-left&#8221; title_tag=&#8221;h2&#8243; title_style=&#8221;headline-xxs&#8221; padding_top=&#8221;padding-top-10&#8243; padding_bottom=&#8221;padding-bottom-20&#8243;][wr_vc_title title=&#8221;Vertrauen, Optimierung und ROI&#8221;][\/wr_vc_titles]<div  class=\"body-text-l text-color-0 text-left pull-left anim-text-reveal tr-delay- js-scrollanim\" >\n<p class=\"p1\">Wir vertrauen unseren Kunden, Partner und Lieferanten.<\/p>\n<p class=\"p1\">Unser Ziel ist es, durch den Austausch von Informationen und Ressourcen Beziehungen aufzubauen und F\u00fcrsorge und Kommunikation zu f\u00f6rdern, um den Prozess angenehm zu gestalten.<\/p>\n<\/div>[\/vc_column][vc_column width=&#8221;1\/2&#8243;]<a href=\"#0\" class=\"d-block hidden-box hover-box js-pointer-large js-animsition-link\" target=\"_self\"><div class=\"anim-fade js-scrollanim\">\n\t\t\t\t<img decoding=\"async\" class=\"img-hover-scale\" src=\"https:\/\/studiodelikatessen.art\/wp-content\/uploads\/2024\/07\/mercedes-guy.jpg\" alt=\"mercedes-guy\">\n\t\t\t\t<\/div><\/a>[\/vc_column][\/vc_row][vc_row section_back_opt=&#8221;section-bg-dark-2&#8243; sec_text_color_opt=&#8221;text-color-white&#8221; row_padding_top=&#8221;padding-top-20&#8243; row_padding_bottom=&#8221;padding-bottom-20&#8243;][vc_column][wr_vc_titles title_style=&#8221;headline-xs&#8221; title_color=&#8221;text-color-white&#8221; padding_top=&#8221;padding-top-90&#8243;][wr_vc_title title=&#8221;Referenzen&#8221; animation_delay=&#8221;00&#8243;][\/wr_vc_titles][wr_vc_testimonials_2 autoplay=&#8221;true&#8221; slider_speed=&#8221;3500&#8243;][wr_vc_testimonial_2 clientname=&#8221;Mitos Bermejo&#8221; designation=&#8221;Contract Manager, Tres tintas BCN&#8221; image=&#8221;1853&#8243;]W\u00e4hrend der dreij\u00e4hrigen Zusammenarbeit mit Studio Delikatessen hat Guillermo gro\u00dfes Talent in den Bereichen Design, Kommunikation und Produktionsmanagement gezeigt und p\u00fcnktlich gute Qualit\u00e4t geliefert.<\/p>\n<p>Wir haben Guillermo und sein Team vielen Kunden unterschiedlichster Art empfohlen: Institutionen, Bauunternehmern, Produktionsfirmen, Designstudios. Hervorzuheben sind das DHUB-Museum, VIVAGYM und VIN\u00c7ON.<br \/>\n[\/wr_vc_testimonial_2][wr_vc_testimonial_2 clientname=&#8221;David Vidal&#8221; designation=&#8221;Curator Centre d&#8217;Art Santa M\u00f2nica and Proffesor at Universitat Aut\u00f2noma de Barcelona&#8221; image=&#8221;1853&#8243;]Ich kann aus eigener Erfahrung Guillermos F\u00e4higkeiten im Bereich Kreativit\u00e4t und Kommunikation best\u00e4tigen. Er und sein Team zeigten w\u00e4hrend des Produktionsprozesses eine sehr herzliche, hilfsbereite und professionelle Haltung. Die Arbeit erhielt bestes Feedback von unseren Arbeitskollegen und der \u00d6ffentlichkeit. [\/wr_vc_testimonial_2][wr_vc_testimonial_2 designation=&#8221;Chief Architect at AZPA, London&#8221; image=&#8221;1853&#8243;]Unsere Konstruktionen sind hinsichtlich Materialien, Formen und Techniken meist unkonventionell und komplex, warum die Modellierung unserer Projekte ein hohes Ma\u00df an Wissen und Professionalit\u00e4t auf allen Gebieten erfordern.<br \/>\nGuillermo Laborde konnte diese komplexen Auftr\u00e4ge qualitativ hochwertig und unter Einhaltung eines sehr anspruchsvollen Zeitplans ausf\u00fchren.<\/p>\n[\/wr_vc_testimonial_2][wr_vc_testimonial_2 clientname=&#8221;Argi Iba\u00f1ez&#8221; designation=&#8221;Ambart, Barcelona&#8221; image=&#8221;1853&#8243;]Studio Delikatessen realisiert seit 11 Jahren unsere Projekte im Bereich Design und Bau f\u00fcr Events und Innenarchitektur. Guillermo Laborde war Verantwortlicher f\u00fcr die \u00c4sthetik zahlreicher Projekte f\u00fcr \u00f6ffentliche Einrichtungen wie den STADTRAT VON BARCELONA, die REGIERUNG VON KATALONIEN, DIE REGIONALREGIERUNG VON BARCELONA, DIE ALZHEIMER-STIFTUNG und das KULTURINSTITUT BARCELONA. [\/wr_vc_testimonial_2][wr_vc_testimonial_2 clientname=&#8221;Alberto Verdi&#8221; designation=&#8221;President at MARC ECKO Enterprises, NYC&#8221; image=&#8221;1853&#8243;]Die vorgestellten Projekte waren umfangreich, konzeptionell tiefgr\u00fcndig und \u00e4sthetisch beeindruckend. Daraus l\u00e4sst sich auf umfassendes Fachwissen und Expertise auf dem jeweiligen Gebiet schlie\u00dfen, sowie \u00fcber gen\u00fcgend Einf\u00fchlungsverm\u00f6gen und Marketingerfahrung, um die Merkmale und Anforderungen einer Marke zu verstehen. [\/wr_vc_testimonial_2][wr_vc_testimonial_2 clientname=&#8221;Alberto Guijarro&#8221; designation=&#8221;Director of Sala Apolo and Co-director of Primavera Sound&#8221; image=&#8221;1853&#8243;]Ich hatte die Chance und das Vergn\u00fcgen, mit Guillermo als Gr\u00fcnder und k\u00fcnstlerischer Leiter des BAF FESTIVAL zusammenzuarbeiten. Die Veranstaltung fand w\u00e4hrend mehr als 10 Jahren statt und war eine wichtige Startplattform f\u00fcr aufstrebende Marken und K\u00fcnstler.<br \/>\n[\/wr_vc_testimonial_2][wr_vc_testimonial_2 clientname=&#8221;Txemo Bardavio&#8221; designation=&#8221;Former Head of retail at Lateral-Thinking&#8221; image=&#8221;1853&#8243;]Er verf\u00fcgt \u00fcber erstaunliche F\u00e4higkeiten in der Konzeption und Projektentwicklung sowie in der Produktion und Ausf\u00fchrung und hat ein gro\u00dfes Verst\u00e4ndnis f\u00fcr die Briefings, Konzepte und Protokolle der Kunden. Gemeinsam haben wir viele Projekte f\u00fcr Events, Einzelhandel und audiovisuelle Medien f\u00fcr Marken wie Nike, Hurley, Sivasdescalzo, Converse, Nespresso und andere entwickelt. [\/wr_vc_testimonial_2][wr_vc_testimonial_2 clientname=&#8221;Maurici Gin\u00e9s&#8221; designation=&#8221;Founder and CEO of Artec Studio, BCN&#8221; image=&#8221;1853&#8243;]Guillermo Laborde ist ein sehr perfektionistischer Fachmann mit sehr hohen menschlichen Werten. Gemeinsam mit seinem Team ist er stets einsatzbereit und zeigt eine positive und energische Einstellung. Er hat die kreativen und technischen Anforderungen f\u00fcr unsere Eventprojekte f\u00fcr den Stadtrat von Barcelona und f\u00fcr das DHUB BARCELONA DESIGN MUSEUM erfolgreich erf\u00fcllt. [\/wr_vc_testimonial_2][wr_vc_testimonial_2 clientname=&#8221;Roger Planas&#8221; designation=&#8221;CEO at LATERAL THINKING&#8221; image=&#8221;1853&#8243;]Er arbeitet seit 1999 f\u00fcr unser Unternehmen als externer Mitarbeiter f\u00fcr Marketing-, Werbe- und Corporate-Event-Projekte f\u00fcr Marken wie NIKE, RED BULL, NESPRESSO und LUCKY STRIKE. Guillermo ist kreativ und innovativ in der Konzeptentwicklung, aber pragmatisch, wenn es um Produktion und Management geht. [\/wr_vc_testimonial_2][wr_vc_testimonial_2 clientname=&#8221;Laia Moragrega&#8221; designation=&#8221;Visual Merchandising at Timberland, BCN&#8221; image=&#8221;1853&#8243;]Guillermo Laborde verf\u00fcgt \u00fcber ein ausserordentlich besonderes Talent f\u00fcr materiellen Ausdruck und kann dieses in verschiedene kreative Disziplinen \u00fcbertragen. Dar\u00fcber hinaus ist er ein hervorragender Teamleiter, Koordinator und Produzent, erfahren und einf\u00fchlsam. [\/wr_vc_testimonial_2][wr_vc_testimonial_2 clientname=&#8221;Iv\u00e1n Escol\u00e0&#8221; designation=&#8221;CEO at Art Escudellers, Barcelona&#8221; image=&#8221;1853&#8243;]Ich m\u00f6chte Guillermo Laborde Garc\u00eda und sein Unternehmen Studio Delikatessen empfehlen, mit dem wir seit \u00fcber vier Jahren zusammenarbeiten.<br \/>\nGuillermo war f\u00fcr mehrere kreative und produktionstechnische Aspekte unserer Einzelhandelsfl\u00e4chen verantwortlich, darunter die Gestaltung von Schaufenstern, Warenpr\u00e4sentationen und gesamte Raumgestaltung.<br \/>\nSeine Beitr\u00e4ge haben unserem Markenimage einen erheblichen k\u00fcnstlerischen Mehrwert verliehen.[\/wr_vc_testimonial_2][\/wr_vc_testimonials_2][vc_empty_space height=&#8221;64px&#8221;][\/vc_column][\/vc_row]\n<\/div>","protected":false},"excerpt":{"rendered":"<p>[vc_row row_type=&#8221;sec2&#8243; enable_full_height_sec=&#8221;st2&#8243; umaya_background_image=&#8221;2507&#8243; sec_text_color_opt=&#8221;text-color-white&#8221; row_padding_top=&#8221;padding-top-90&#8243; row_padding_bottom=&#8221;no-padding-bottom&#8221;][vc_column][wr_vc_titles text_align=&#8221;text-left&#8221; title_style=&#8221;headline-xs&#8221; title_color=&#8221;text-color-white&#8221;][wr_vc_title title=&#8221;`{`span`}`\u00dcber uns`{`\/span`}`&#8221; animation_delay=&#8221;00&#8243;][\/wr_vc_titles][wr_vc_titles text_align=&#8221;text-left&#8221; title_tag=&#8221;h6&#8243; title_style=&#8221;headline-s&#8221; title_color=&#8221;text-color-white&#8221; padding_top=&#8221;padding-top-10&#8243;][wr_vc_title title=&#8221;Unser Team entwickelt Projekte&#8230;<\/p>\n","protected":false},"author":1,"featured_media":0,"parent":0,"menu_order":0,"comment_status":"closed","ping_status":"closed","template":"","meta":{"footnotes":""},"class_list":["post-5968","page","type-page","status-publish","hentry"],"yoast_head":"<!-- This site is optimized with the Yoast SEO plugin v27.2 - https:\/\/yoast.com\/product\/yoast-seo-wordpress\/ -->\n<title>\u00dcber uns - Studiodelikatessen<\/title>\n<meta name=\"robots\" content=\"index, follow, max-snippet:-1, max-image-preview:large, max-video-preview:-1\" \/>\n<link rel=\"canonical\" href=\"https:\/\/studiodelikatessen.art\/de\/uber-uns\/\" \/>\n<meta property=\"og:locale\" content=\"de_DE\" \/>\n<meta property=\"og:type\" content=\"article\" \/>\n<meta property=\"og:title\" content=\"\u00dcber uns - Studiodelikatessen\" \/>\n<meta property=\"og:description\" content=\"[vc_row row_type=&#8221;sec2&#8243; enable_full_height_sec=&#8221;st2&#8243; umaya_background_image=&#8221;2507&#8243; sec_text_color_opt=&#8221;text-color-white&#8221; row_padding_top=&#8221;padding-top-90&#8243; row_padding_bottom=&#8221;no-padding-bottom&#8221;][vc_column][wr_vc_titles text_align=&#8221;text-left&#8221; title_style=&#8221;headline-xs&#8221; title_color=&#8221;text-color-white&#8221;][wr_vc_title title=&#8221;`{`span`}`\u00dcber uns`{`\/span`}`&#8221; animation_delay=&#8221;00&#8243;][\/wr_vc_titles][wr_vc_titles text_align=&#8221;text-left&#8221; title_tag=&#8221;h6&#8243; title_style=&#8221;headline-s&#8221; title_color=&#8221;text-color-white&#8221; padding_top=&#8221;padding-top-10&#8243;][wr_vc_title title=&#8221;Unser Team entwickelt Projekte...\" \/>\n<meta property=\"og:url\" content=\"https:\/\/studiodelikatessen.art\/de\/uber-uns\/\" \/>\n<meta property=\"og:site_name\" content=\"Studiodelikatessen\" \/>\n<meta property=\"article:modified_time\" content=\"2025-05-07T11:00:35+00:00\" \/>\n<meta name=\"twitter:card\" content=\"summary_large_image\" \/>\n<meta name=\"twitter:label1\" content=\"Gesch\u00e4tzte Lesezeit\" \/>\n\t<meta name=\"twitter:data1\" content=\"5\u00a0Minuten\" \/>\n<script type=\"application\/ld+json\" class=\"yoast-schema-graph\">{\"@context\":\"https:\/\/schema.org\",\"@graph\":[{\"@type\":\"WebPage\",\"@id\":\"https:\/\/studiodelikatessen.art\/de\/uber-uns\/\",\"url\":\"https:\/\/studiodelikatessen.art\/de\/uber-uns\/\",\"name\":\"\u00dcber uns - Studiodelikatessen\",\"isPartOf\":{\"@id\":\"https:\/\/studiodelikatessen.art\/#website\"},\"datePublished\":\"2023-06-07T17:40:07+00:00\",\"dateModified\":\"2025-05-07T11:00:35+00:00\",\"breadcrumb\":{\"@id\":\"https:\/\/studiodelikatessen.art\/de\/uber-uns\/#breadcrumb\"},\"inLanguage\":\"de\",\"potentialAction\":[{\"@type\":\"ReadAction\",\"target\":[\"https:\/\/studiodelikatessen.art\/de\/uber-uns\/\"]}]},{\"@type\":\"BreadcrumbList\",\"@id\":\"https:\/\/studiodelikatessen.art\/de\/uber-uns\/#breadcrumb\",\"itemListElement\":[{\"@type\":\"ListItem\",\"position\":1,\"name\":\"Home\",\"item\":\"https:\/\/studiodelikatessen.art\/de\/\"},{\"@type\":\"ListItem\",\"position\":2,\"name\":\"\u00dcber uns\"}]},{\"@type\":\"WebSite\",\"@id\":\"https:\/\/studiodelikatessen.art\/#website\",\"url\":\"https:\/\/studiodelikatessen.art\/\",\"name\":\"Studiodelikatessen\",\"description\":\"We Design and Produce Experiential Environments and Unique Objects for Brands and Cultural Events\",\"publisher\":{\"@id\":\"https:\/\/studiodelikatessen.art\/#organization\"},\"potentialAction\":[{\"@type\":\"SearchAction\",\"target\":{\"@type\":\"EntryPoint\",\"urlTemplate\":\"https:\/\/studiodelikatessen.art\/?s={search_term_string}\"},\"query-input\":{\"@type\":\"PropertyValueSpecification\",\"valueRequired\":true,\"valueName\":\"search_term_string\"}}],\"inLanguage\":\"de\"},{\"@type\":\"Organization\",\"@id\":\"https:\/\/studiodelikatessen.art\/#organization\",\"name\":\"Studiodelikatessen\",\"url\":\"https:\/\/studiodelikatessen.art\/\",\"logo\":{\"@type\":\"ImageObject\",\"inLanguage\":\"de\",\"@id\":\"https:\/\/studiodelikatessen.art\/#\/schema\/logo\/image\/\",\"url\":\"https:\/\/studiodelikatessen.art\/wp-content\/uploads\/2021\/12\/logoSD-black.png\",\"contentUrl\":\"https:\/\/studiodelikatessen.art\/wp-content\/uploads\/2021\/12\/logoSD-black.png\",\"width\":651,\"height\":114,\"caption\":\"Studiodelikatessen\"},\"image\":{\"@id\":\"https:\/\/studiodelikatessen.art\/#\/schema\/logo\/image\/\"}}]}<\/script>\n<!-- \/ Yoast SEO plugin. -->","yoast_head_json":{"title":"\u00dcber uns - Studiodelikatessen","robots":{"index":"index","follow":"follow","max-snippet":"max-snippet:-1","max-image-preview":"max-image-preview:large","max-video-preview":"max-video-preview:-1"},"canonical":"https:\/\/studiodelikatessen.art\/de\/uber-uns\/","og_locale":"de_DE","og_type":"article","og_title":"\u00dcber uns - Studiodelikatessen","og_description":"[vc_row row_type=&#8221;sec2&#8243; enable_full_height_sec=&#8221;st2&#8243; umaya_background_image=&#8221;2507&#8243; sec_text_color_opt=&#8221;text-color-white&#8221; row_padding_top=&#8221;padding-top-90&#8243; row_padding_bottom=&#8221;no-padding-bottom&#8221;][vc_column][wr_vc_titles text_align=&#8221;text-left&#8221; title_style=&#8221;headline-xs&#8221; title_color=&#8221;text-color-white&#8221;][wr_vc_title title=&#8221;`{`span`}`\u00dcber uns`{`\/span`}`&#8221; animation_delay=&#8221;00&#8243;][\/wr_vc_titles][wr_vc_titles text_align=&#8221;text-left&#8221; title_tag=&#8221;h6&#8243; title_style=&#8221;headline-s&#8221; title_color=&#8221;text-color-white&#8221; padding_top=&#8221;padding-top-10&#8243;][wr_vc_title title=&#8221;Unser Team entwickelt Projekte...","og_url":"https:\/\/studiodelikatessen.art\/de\/uber-uns\/","og_site_name":"Studiodelikatessen","article_modified_time":"2025-05-07T11:00:35+00:00","twitter_card":"summary_large_image","twitter_misc":{"Gesch\u00e4tzte Lesezeit":"5\u00a0Minuten"},"schema":{"@context":"https:\/\/schema.org","@graph":[{"@type":"WebPage","@id":"https:\/\/studiodelikatessen.art\/de\/uber-uns\/","url":"https:\/\/studiodelikatessen.art\/de\/uber-uns\/","name":"\u00dcber uns - Studiodelikatessen","isPartOf":{"@id":"https:\/\/studiodelikatessen.art\/#website"},"datePublished":"2023-06-07T17:40:07+00:00","dateModified":"2025-05-07T11:00:35+00:00","breadcrumb":{"@id":"https:\/\/studiodelikatessen.art\/de\/uber-uns\/#breadcrumb"},"inLanguage":"de","potentialAction":[{"@type":"ReadAction","target":["https:\/\/studiodelikatessen.art\/de\/uber-uns\/"]}]},{"@type":"BreadcrumbList","@id":"https:\/\/studiodelikatessen.art\/de\/uber-uns\/#breadcrumb","itemListElement":[{"@type":"ListItem","position":1,"name":"Home","item":"https:\/\/studiodelikatessen.art\/de\/"},{"@type":"ListItem","position":2,"name":"\u00dcber uns"}]},{"@type":"WebSite","@id":"https:\/\/studiodelikatessen.art\/#website","url":"https:\/\/studiodelikatessen.art\/","name":"Studiodelikatessen","description":"We Design and Produce Experiential Environments and Unique Objects for Brands and Cultural Events","publisher":{"@id":"https:\/\/studiodelikatessen.art\/#organization"},"potentialAction":[{"@type":"SearchAction","target":{"@type":"EntryPoint","urlTemplate":"https:\/\/studiodelikatessen.art\/?s={search_term_string}"},"query-input":{"@type":"PropertyValueSpecification","valueRequired":true,"valueName":"search_term_string"}}],"inLanguage":"de"},{"@type":"Organization","@id":"https:\/\/studiodelikatessen.art\/#organization","name":"Studiodelikatessen","url":"https:\/\/studiodelikatessen.art\/","logo":{"@type":"ImageObject","inLanguage":"de","@id":"https:\/\/studiodelikatessen.art\/#\/schema\/logo\/image\/","url":"https:\/\/studiodelikatessen.art\/wp-content\/uploads\/2021\/12\/logoSD-black.png","contentUrl":"https:\/\/studiodelikatessen.art\/wp-content\/uploads\/2021\/12\/logoSD-black.png","width":651,"height":114,"caption":"Studiodelikatessen"},"image":{"@id":"https:\/\/studiodelikatessen.art\/#\/schema\/logo\/image\/"}}]}},"_links":{"self":[{"href":"https:\/\/studiodelikatessen.art\/de\/wp-json\/wp\/v2\/pages\/5968","targetHints":{"allow":["GET"]}}],"collection":[{"href":"https:\/\/studiodelikatessen.art\/de\/wp-json\/wp\/v2\/pages"}],"about":[{"href":"https:\/\/studiodelikatessen.art\/de\/wp-json\/wp\/v2\/types\/page"}],"author":[{"embeddable":true,"href":"https:\/\/studiodelikatessen.art\/de\/wp-json\/wp\/v2\/users\/1"}],"replies":[{"embeddable":true,"href":"https:\/\/studiodelikatessen.art\/de\/wp-json\/wp\/v2\/comments?post=5968"}],"version-history":[{"count":10,"href":"https:\/\/studiodelikatessen.art\/de\/wp-json\/wp\/v2\/pages\/5968\/revisions"}],"predecessor-version":[{"id":6768,"href":"https:\/\/studiodelikatessen.art\/de\/wp-json\/wp\/v2\/pages\/5968\/revisions\/6768"}],"wp:attachment":[{"href":"https:\/\/studiodelikatessen.art\/de\/wp-json\/wp\/v2\/media?parent=5968"}],"curies":[{"name":"wp","href":"https:\/\/api.w.org\/{rel}","templated":true}]}}