{"id":5919,"date":"2024-01-17T11:58:00","date_gmt":"2024-01-17T10:58:00","guid":{"rendered":"https:\/\/studiodelikatessen.art\/studio-delikatessen\/"},"modified":"2025-04-22T21:52:35","modified_gmt":"2025-04-22T20:52:35","slug":"studio-delikatessen","status":"publish","type":"page","link":"https:\/\/studiodelikatessen.art\/de\/","title":{"rendered":"Studio Delikatessen"},"content":{"rendered":"<div class=\"wpb-content-wrapper\">[vc_row section_back_opt=&#8221;section_color_custom&#8221; opt_background_color=&#8221;#000000&#8243; sec_text_color_opt=&#8221;text-color-white&#8221; sec_text_align_opt=&#8221;text-center&#8221;][vc_column][wr_vc_titles title_tag=&#8221;h2&#8243; title_style=&#8221;headline-m&#8221; title_color=&#8221;text-color-white&#8221; padding_bottom=&#8221;padding-bottom-10&#8243;][wr_vc_title title=&#8221;`{`span`}`KUNST F\u00dcR MARKETING UND KULTUR`{`\/span`}`&#8221; animation_delay=&#8221;01&#8243;][\/wr_vc_titles][vc_column_text][\/vc_column_text][wr_vc_titles title_tag=&#8221;h2&#8243; title_style=&#8221;headline-xxs&#8221; title_color=&#8221;text-color-white&#8221; padding_bottom=&#8221;padding-bottom-10&#8243;][wr_vc_title title=&#8221;Wir entwerfen und produzieren Erlebnisumgebungen und einzigartige Objekte f\u00fcr Marken und kulturelle Veranstaltungen&#8221; animation_delay=&#8221;02&#8243;][\/wr_vc_titles][\/vc_column][\/vc_row][vc_row section_back_opt=&#8221;section-bg-dark-1&#8243; sec_text_color_opt=&#8221;text-color-white&#8221;][vc_column][vc_row_inner][vc_column_inner][wr_vc_titles title_style=&#8221;headline-m&#8221; padding_bottom=&#8221;padding-bottom-60&#8243;][wr_vc_title title=&#8221;Unsere DNA&#8221; animation_delay=&#8221;00&#8243;][\/wr_vc_titles][\/vc_column_inner][\/vc_row_inner][vc_row_inner css=&#8221;.vc_custom_1719911159028{padding-bottom: 3% !important;}&#8221;][vc_column_inner width=&#8221;1\/3&#8243;][wr_vc_titles text_align=&#8221;text-left&#8221; title_style=&#8221;headline-xs&#8221; title_color=&#8221;text-color-white&#8221; padding_top=&#8221;padding-top-60&#8243; padding_bottom=&#8221;padding-bottom-30&#8243;][wr_vc_title title=&#8221;`{`span`}`EXZELLENZ &amp; AUSDRUCK`{`\/span`}`&#8221; animation_delay=&#8221;01&#8243;][\/wr_vc_titles]<div class=\"column-100-100 anim-overlay js-scrollanim no-padding-top no-padding-bottom\">\n\t\t\t\t<a href=\"https:\/\/studiodelikatessen.art\/wp-content\/uploads\/2024\/06\/DNA1_ok.jpg\" class=\" d-block js-pointer-zoom js-photo-popup\">\n\t\t\t\t<img decoding=\"async\" src=\"https:\/\/studiodelikatessen.art\/wp-content\/uploads\/2024\/06\/DNA1_ok.jpg\" alt=\"DNA1_ok\">\n\t\t\t\t<\/a>\n\t\t\t\t<\/div>[\/vc_column_inner][vc_column_inner width=&#8221;1\/3&#8243;][wr_vc_titles text_align=&#8221;text-left&#8221; title_style=&#8221;headline-xs&#8221; title_color=&#8221;text-color-white&#8221; padding_top=&#8221;padding-top-60&#8243; padding_bottom=&#8221;padding-bottom-30&#8243;][wr_vc_title title=&#8221;`{`span`}`HANDWERKER &amp; TECHNIKER`{`\/span`}`&#8221; animation_delay=&#8221;02&#8243;][\/wr_vc_titles]<div class=\"column-100-100 anim-overlay js-scrollanim no-padding-top no-padding-bottom\">\n\t\t\t\t<a href=\"https:\/\/studiodelikatessen.art\/wp-content\/uploads\/2024\/06\/DNA2_ok.jpg\" class=\" d-block js-pointer-zoom js-photo-popup\">\n\t\t\t\t<img decoding=\"async\" src=\"https:\/\/studiodelikatessen.art\/wp-content\/uploads\/2024\/06\/DNA2_ok.jpg\" alt=\"DNA2_ok\">\n\t\t\t\t<\/a>\n\t\t\t\t<\/div>[\/vc_column_inner][vc_column_inner width=&#8221;1\/3&#8243;][wr_vc_titles text_align=&#8221;text-left&#8221; title_style=&#8221;headline-xs&#8221; title_color=&#8221;text-color-white&#8221; padding_top=&#8221;padding-top-60&#8243; padding_bottom=&#8221;padding-bottom-30&#8243;][wr_vc_title title=&#8221;`{`span`}`R\u00c4UME F\u00dcR KOMMUNIKATION`{`\/span`}`&#8221; animation_delay=&#8221;03&#8243;][\/wr_vc_titles]<div class=\"column-100-100 anim-overlay js-scrollanim no-padding-top no-padding-bottom\">\n\t\t\t\t<a href=\"https:\/\/studiodelikatessen.art\/wp-content\/uploads\/2024\/06\/DNA3_ok.jpg\" class=\" d-block js-pointer-zoom js-photo-popup\">\n\t\t\t\t<img decoding=\"async\" src=\"https:\/\/studiodelikatessen.art\/wp-content\/uploads\/2024\/06\/DNA3_ok.jpg\" alt=\"DNA3_ok\">\n\t\t\t\t<\/a>\n\t\t\t\t<\/div>[\/vc_column_inner][\/vc_row_inner][vc_row_inner][vc_column_inner width=&#8221;1\/3&#8243;][wr_vc_titles text_align=&#8221;text-left&#8221; title_style=&#8221;headline-xs&#8221; title_color=&#8221;text-color-white&#8221; padding_top=&#8221;padding-top-60&#8243; padding_bottom=&#8221;padding-bottom-30&#8243;][wr_vc_title title=&#8221;`{`span`}`PASSION F\u00dcR DETAILS`{`\/span`}`&#8221; animation_delay=&#8221;04&#8243;][\/wr_vc_titles]<div class=\"column-100-100 anim-overlay js-scrollanim no-padding-top no-padding-bottom\">\n\t\t\t\t<a href=\"https:\/\/studiodelikatessen.art\/wp-content\/uploads\/2024\/06\/DNA4_ok.jpg\" class=\" d-block js-pointer-zoom js-photo-popup\">\n\t\t\t\t<img decoding=\"async\" src=\"https:\/\/studiodelikatessen.art\/wp-content\/uploads\/2024\/06\/DNA4_ok.jpg\" alt=\"DNA4_ok\">\n\t\t\t\t<\/a>\n\t\t\t\t<\/div>[\/vc_column_inner][vc_column_inner width=&#8221;1\/3&#8243;][wr_vc_titles text_align=&#8221;text-left&#8221; title_style=&#8221;headline-xs&#8221; title_color=&#8221;text-color-white&#8221; padding_top=&#8221;padding-top-60&#8243; padding_bottom=&#8221;padding-bottom-30&#8243;][wr_vc_title title=&#8221;`{`span`}`TRANSDISKIPLIN\u00c4R &amp; HYBRID`{`\/span`}`&#8221; animation_delay=&#8221;05&#8243;][\/wr_vc_titles]<div class=\"column-100-100 anim-overlay js-scrollanim no-padding-top no-padding-bottom\">\n\t\t\t\t<a href=\"https:\/\/studiodelikatessen.art\/wp-content\/uploads\/2024\/06\/DNA5_ok.jpg\" class=\" d-block js-pointer-zoom js-photo-popup\">\n\t\t\t\t<img decoding=\"async\" src=\"https:\/\/studiodelikatessen.art\/wp-content\/uploads\/2024\/06\/DNA5_ok.jpg\" alt=\"DNA5_ok\">\n\t\t\t\t<\/a>\n\t\t\t\t<\/div>[\/vc_column_inner][vc_column_inner width=&#8221;1\/3&#8243;][wr_vc_titles text_align=&#8221;text-left&#8221; title_style=&#8221;headline-xs&#8221; title_color=&#8221;text-color-white&#8221; padding_top=&#8221;padding-top-60&#8243; padding_bottom=&#8221;padding-bottom-30&#8243;][wr_vc_title title=&#8221;`{`span`}`VERTRAUEN, OPTIMIEREN &amp; ROI`{`\/span`}`&#8221; animation_delay=&#8221;06&#8243;][\/wr_vc_titles]<div class=\"column-100-100 anim-overlay js-scrollanim no-padding-top no-padding-bottom\">\n\t\t\t\t<a href=\"https:\/\/studiodelikatessen.art\/wp-content\/uploads\/2024\/06\/DNA6_ok.jpg\" class=\" d-block js-pointer-zoom js-photo-popup\">\n\t\t\t\t<img decoding=\"async\" src=\"https:\/\/studiodelikatessen.art\/wp-content\/uploads\/2024\/06\/DNA6_ok.jpg\" alt=\"DNA6_ok\">\n\t\t\t\t<\/a>\n\t\t\t\t<\/div>[\/vc_column_inner][\/vc_row_inner][\/vc_column][\/vc_row][vc_row row_type=&#8221;sec3&#8243; section_back_opt=&#8221;section-bg-black&#8221; sec_text_color_opt=&#8221;text-color-white&#8221;][vc_column][vc_row_inner][vc_column_inner][wr_vc_titles title_style=&#8221;headline-m&#8221; title_color=&#8221;text-color-white&#8221;][wr_vc_title title=&#8221;Unsere Kunden&#8221; animation_delay=&#8221;00&#8243;][\/wr_vc_titles][\/vc_column_inner][\/vc_row_inner][vc_row_inner][vc_column_inner][wr_vc_clients][wr_vc_client button_url=&#8221;https:\/\/studiodelikatessen.art\/works\/hugo-boss\/&#8221; image=&#8221;1798&#8243; image_hover=&#8221;1799&#8243;][wr_vc_client button_url=&#8221;https:\/\/studiodelikatessen.art\/works\/fendi\/&#8221; image=&#8221;1800&#8243; image_hover=&#8221;1801&#8243;][wr_vc_client image=&#8221;1802&#8243; image_hover=&#8221;1803&#8243;][wr_vc_client image=&#8221;1804&#8243; image_hover=&#8221;1805&#8243;][wr_vc_client button_url=&#8221;https:\/\/studiodelikatessen.art\/works\/nike-the-future-one\/&#8221; image=&#8221;1130&#8243; image_hover=&#8221;1129&#8243;][wr_vc_client button_url=&#8221;https:\/\/studiodelikatessen.art\/works\/puma\/&#8221; image=&#8221;1134&#8243; image_hover=&#8221;1133&#8243;][wr_vc_client image=&#8221;1136&#8243; image_hover=&#8221;1135&#8243;][wr_vc_client image=&#8221;1595&#8243; image_hover=&#8221;1596&#8243;][wr_vc_client button_url=&#8221;https:\/\/studiodelikatessen.art\/works\/barcelona-motor-days\/&#8221; image=&#8221;1597&#8243; image_hover=&#8221;1598&#8243;][wr_vc_client button_url=&#8221;https:\/\/studiodelikatessen.art\/works\/havaianas-passport\/&#8221; image=&#8221;1140&#8243; image_hover=&#8221;1139&#8243;][wr_vc_client button_url=&#8221;https:\/\/studiodelikatessen.art\/works\/stand-nespresso-feria-gourmets\/&#8221; image=&#8221;1599&#8243; image_hover=&#8221;1600&#8243;][wr_vc_client image=&#8221;1610&#8243; image_hover=&#8221;1602&#8243;][wr_vc_client button_url=&#8221;https:\/\/studiodelikatessen.art\/works\/digital-signage\/&#8221; image=&#8221;1608&#8243; image_hover=&#8221;1609&#8243;][wr_vc_client button_url=&#8221;https:\/\/studiodelikatessen.art\/works\/generalitat-de-catalunya-stand\/&#8221; image=&#8221;1128&#8243; image_hover=&#8221;1127&#8243;][wr_vc_client button_url=&#8221;https:\/\/studiodelikatessen.art\/works\/red-bull-mirror-park\/&#8221; image=&#8221;1132&#8243; image_hover=&#8221;1131&#8243;][wr_vc_client button_url=&#8221;https:\/\/studiodelikatessen.art\/works\/aw-cab\/&#8221; image=&#8221;1605&#8243; image_hover=&#8221;1606&#8243;][wr_vc_client image=&#8221;1612&#8243; image_hover=&#8221;1613&#8243;][wr_vc_client button_url=&#8221;https:\/\/studiodelikatessen.art\/works\/hurley-storefront-transformation\/&#8221; image=&#8221;1120&#8243; image_hover=&#8221;1119&#8243;][wr_vc_client image=&#8221;1614&#8243; image_hover=&#8221;1615&#8243;][wr_vc_client button_url=&#8221;https:\/\/studiodelikatessen.art\/works\/skunkfunk-stores\/&#8221; image=&#8221;1616&#8243; image_hover=&#8221;1617&#8243;][wr_vc_client button_url=&#8221;https:\/\/studiodelikatessen.art\/works\/hurley-pukas-surf-club\/&#8221; image=&#8221;1122&#8243; image_hover=&#8221;1121&#8243;][wr_vc_client button_url=&#8221;https:\/\/studiodelikatessen.art\/works\/designadal\/&#8221; image=&#8221;1124&#8243; image_hover=&#8221;1123&#8243;][wr_vc_client button_url=&#8221;https:\/\/studiodelikatessen.art\/works\/ayre-hotel-terrace\/&#8221; image=&#8221;1619&#8243; image_hover=&#8221;1620&#8243;][wr_vc_client image=&#8221;1621&#8243; image_hover=&#8221;1622&#8243;][\/wr_vc_clients][\/vc_column_inner][\/vc_row_inner][wr_vc_titles text_align=&#8221;text-left&#8221; title_style=&#8221;headline-m&#8221;][\/wr_vc_titles][\/vc_column][\/vc_row][vc_row section_back_opt=&#8221;section-bg-dark-2&#8243; sec_text_color_opt=&#8221;text-color-white&#8221; sec_text_align_opt=&#8221;text-center&#8221; row_padding_bottom=&#8221;no-padding-bottom&#8221; css=&#8221;.vc_custom_1724064239315{margin-bottom: 0px !important;border-bottom-width: 0px !important;padding-bottom: 0px !important;}&#8221;][vc_column][vc_column_text][\/vc_column_text][wr_vc_titles title_tag=&#8221;h2&#8243; title_style=&#8221;headline-m&#8221; title_color=&#8221;text-color-white&#8221;][wr_vc_title title=&#8221;`{`span`}`WIR SCHAFFEN SEIT \u00dcBER 25 JAHREN`{`\/span`}`&#8221; animation_delay=&#8221;01&#8243;][wr_vc_title title=&#8221;`{`span`}`EINZIGARTIGE ERLEBNISR\u00c4UME`{`\/span`}`&#8221; animation_delay=&#8221;01&#8243;][\/wr_vc_titles][\/vc_column][\/vc_row][vc_row section_back_opt=&#8221;section-bg-dark-2&#8243; sec_text_color_opt=&#8221;text-color-white&#8221; sec_text_align_opt=&#8221;text-center&#8221; css=&#8221;.vc_custom_1724063876612{margin-top: 0px !important;margin-bottom: 0px !important;border-top-width: 0px !important;border-bottom-width: 0px !important;padding-top: 0px !important;padding-bottom: 0px !important;}&#8221;][vc_column width=&#8221;1\/6&#8243; css=&#8221;.vc_custom_1724064171385{margin-top: 0px !important;border-top-width: 0px !important;padding-top: 0px !important;}&#8221;][\/vc_column][vc_column width=&#8221;2\/3&#8243; css=&#8221;.vc_custom_1724064187821{margin-top: 0px !important;border-top-width: 0px !important;padding-top: 0px !important;}&#8221;][wr_vc_titles title_tag=&#8221;h2&#8243; title_style=&#8221;headline-xxs&#8221; title_color=&#8221;text-color-white&#8221; padding_bottom=&#8221;padding-bottom-60&#8243;][wr_vc_title title=&#8221;Unser multidisziplin\u00e4rer Hintergrund bringt ERFAHRUNG in Bezug auf konzeptionelle und technische Anforderungen sowie ein tiefes VERST\u00c4NDNIS f\u00fcr die Bed\u00fcrfnisse und Protokolle von Marken, Agenturen und Institutionen.&#8221; animation_delay=&#8221;02&#8243;][\/wr_vc_titles][wr_vc_titles title_tag=&#8221;h2&#8243; title_style=&#8221;headline-xxs&#8221; title_color=&#8221;text-color-white&#8221; padding_bottom=&#8221;padding-bottom-120&#8243;][wr_vc_title title=&#8221;Von unseren Ateliers in Barcelona, Madrid und Porto aus liefern wir Projekte in ganz Europa.&#8221; animation_delay=&#8221;03&#8243;][\/wr_vc_titles][wr_vc_button button_style=&#8221;st2&#8243; button_text=&#8221;PORTFOLIO&#8221; button_url=&#8221;https:\/\/studiodelikatessen.art\/work\/&#8221; animation_delay=&#8221;04&#8243;][\/vc_column][vc_column width=&#8221;1\/6&#8243; css=&#8221;.vc_custom_1724064180633{margin-top: 0px !important;border-top-width: 0px !important;padding-top: 0px !important;}&#8221;][\/vc_column][\/vc_row]\n<\/div>","protected":false},"excerpt":{"rendered":"<p>[vc_row section_back_opt=&#8221;section_color_custom&#8221; opt_background_color=&#8221;#000000&#8243; sec_text_color_opt=&#8221;text-color-white&#8221; sec_text_align_opt=&#8221;text-center&#8221;][vc_column][wr_vc_titles title_tag=&#8221;h2&#8243; title_style=&#8221;headline-m&#8221; title_color=&#8221;text-color-white&#8221; padding_bottom=&#8221;padding-bottom-10&#8243;][wr_vc_title title=&#8221;`{`span`}`KUNST F\u00dcR MARKETING UND KULTUR`{`\/span`}`&#8221; animation_delay=&#8221;01&#8243;][\/wr_vc_titles][vc_column_text][\/vc_column_text][wr_vc_titles title_tag=&#8221;h2&#8243; title_style=&#8221;headline-xxs&#8221; title_color=&#8221;text-color-white&#8221; padding_bottom=&#8221;padding-bottom-10&#8243;][wr_vc_title title=&#8221;Wir entwerfen und&#8230;<\/p>\n","protected":false},"author":1,"featured_media":0,"parent":0,"menu_order":0,"comment_status":"closed","ping_status":"closed","template":"","meta":{"footnotes":""},"class_list":["post-5919","page","type-page","status-publish","hentry"],"yoast_head":"<!-- This site is optimized with the Yoast SEO plugin v27.2 - https:\/\/yoast.com\/product\/yoast-seo-wordpress\/ -->\n<title>Studio Delikatessen - Studiodelikatessen<\/title>\n<meta name=\"description\" content=\"Wir entwerfen und produzieren Erlebnisumgebungen und einzigartige Objekte f\u00fcr Marken und kulturelle Veranstaltungen\" \/>\n<meta name=\"robots\" content=\"index, follow, max-snippet:-1, max-image-preview:large, max-video-preview:-1\" \/>\n<link rel=\"canonical\" href=\"https:\/\/studiodelikatessen.art\/de\/\" \/>\n<meta property=\"og:locale\" content=\"de_DE\" \/>\n<meta property=\"og:type\" content=\"article\" \/>\n<meta property=\"og:title\" content=\"Studio Delikatessen - Studiodelikatessen\" \/>\n<meta property=\"og:description\" content=\"Wir entwerfen und produzieren Erlebnisumgebungen und einzigartige Objekte f\u00fcr Marken und kulturelle Veranstaltungen\" \/>\n<meta property=\"og:url\" content=\"https:\/\/studiodelikatessen.art\/de\/\" \/>\n<meta property=\"og:site_name\" content=\"Studiodelikatessen\" \/>\n<meta property=\"article:modified_time\" content=\"2025-04-22T20:52:35+00:00\" \/>\n<meta name=\"twitter:card\" content=\"summary_large_image\" \/>\n<meta name=\"twitter:label1\" content=\"Gesch\u00e4tzte Lesezeit\" \/>\n\t<meta name=\"twitter:data1\" content=\"13\u00a0Minuten\" \/>\n<script type=\"application\/ld+json\" class=\"yoast-schema-graph\">{\"@context\":\"https:\/\/schema.org\",\"@graph\":[{\"@type\":\"WebPage\",\"@id\":\"https:\/\/studiodelikatessen.art\/de\/\",\"url\":\"https:\/\/studiodelikatessen.art\/de\/\",\"name\":\"Studio Delikatessen - Studiodelikatessen\",\"isPartOf\":{\"@id\":\"https:\/\/studiodelikatessen.art\/#website\"},\"datePublished\":\"2024-01-17T10:58:00+00:00\",\"dateModified\":\"2025-04-22T20:52:35+00:00\",\"description\":\"Wir entwerfen und produzieren Erlebnisumgebungen und einzigartige Objekte f\u00fcr Marken und kulturelle Veranstaltungen\",\"breadcrumb\":{\"@id\":\"https:\/\/studiodelikatessen.art\/de\/#breadcrumb\"},\"inLanguage\":\"de\",\"potentialAction\":[{\"@type\":\"ReadAction\",\"target\":[\"https:\/\/studiodelikatessen.art\/de\/\"]}]},{\"@type\":\"BreadcrumbList\",\"@id\":\"https:\/\/studiodelikatessen.art\/de\/#breadcrumb\",\"itemListElement\":[{\"@type\":\"ListItem\",\"position\":1,\"name\":\"Home\",\"item\":\"https:\/\/studiodelikatessen.art\/de\/\"},{\"@type\":\"ListItem\",\"position\":2,\"name\":\"Studio Delikatessen\"}]},{\"@type\":\"WebSite\",\"@id\":\"https:\/\/studiodelikatessen.art\/#website\",\"url\":\"https:\/\/studiodelikatessen.art\/\",\"name\":\"Studiodelikatessen\",\"description\":\"We Design and Produce Experiential Environments and Unique Objects for Brands and Cultural Events\",\"publisher\":{\"@id\":\"https:\/\/studiodelikatessen.art\/#organization\"},\"potentialAction\":[{\"@type\":\"SearchAction\",\"target\":{\"@type\":\"EntryPoint\",\"urlTemplate\":\"https:\/\/studiodelikatessen.art\/?s={search_term_string}\"},\"query-input\":{\"@type\":\"PropertyValueSpecification\",\"valueRequired\":true,\"valueName\":\"search_term_string\"}}],\"inLanguage\":\"de\"},{\"@type\":\"Organization\",\"@id\":\"https:\/\/studiodelikatessen.art\/#organization\",\"name\":\"Studiodelikatessen\",\"url\":\"https:\/\/studiodelikatessen.art\/\",\"logo\":{\"@type\":\"ImageObject\",\"inLanguage\":\"de\",\"@id\":\"https:\/\/studiodelikatessen.art\/#\/schema\/logo\/image\/\",\"url\":\"https:\/\/studiodelikatessen.art\/wp-content\/uploads\/2021\/12\/logoSD-black.png\",\"contentUrl\":\"https:\/\/studiodelikatessen.art\/wp-content\/uploads\/2021\/12\/logoSD-black.png\",\"width\":651,\"height\":114,\"caption\":\"Studiodelikatessen\"},\"image\":{\"@id\":\"https:\/\/studiodelikatessen.art\/#\/schema\/logo\/image\/\"}}]}<\/script>\n<!-- \/ Yoast SEO plugin. -->","yoast_head_json":{"title":"Studio Delikatessen - Studiodelikatessen","description":"Wir entwerfen und produzieren Erlebnisumgebungen und einzigartige Objekte f\u00fcr Marken und kulturelle Veranstaltungen","robots":{"index":"index","follow":"follow","max-snippet":"max-snippet:-1","max-image-preview":"max-image-preview:large","max-video-preview":"max-video-preview:-1"},"canonical":"https:\/\/studiodelikatessen.art\/de\/","og_locale":"de_DE","og_type":"article","og_title":"Studio Delikatessen - Studiodelikatessen","og_description":"Wir entwerfen und produzieren Erlebnisumgebungen und einzigartige Objekte f\u00fcr Marken und kulturelle Veranstaltungen","og_url":"https:\/\/studiodelikatessen.art\/de\/","og_site_name":"Studiodelikatessen","article_modified_time":"2025-04-22T20:52:35+00:00","twitter_card":"summary_large_image","twitter_misc":{"Gesch\u00e4tzte Lesezeit":"13\u00a0Minuten"},"schema":{"@context":"https:\/\/schema.org","@graph":[{"@type":"WebPage","@id":"https:\/\/studiodelikatessen.art\/de\/","url":"https:\/\/studiodelikatessen.art\/de\/","name":"Studio Delikatessen - Studiodelikatessen","isPartOf":{"@id":"https:\/\/studiodelikatessen.art\/#website"},"datePublished":"2024-01-17T10:58:00+00:00","dateModified":"2025-04-22T20:52:35+00:00","description":"Wir entwerfen und produzieren Erlebnisumgebungen und einzigartige Objekte f\u00fcr Marken und kulturelle Veranstaltungen","breadcrumb":{"@id":"https:\/\/studiodelikatessen.art\/de\/#breadcrumb"},"inLanguage":"de","potentialAction":[{"@type":"ReadAction","target":["https:\/\/studiodelikatessen.art\/de\/"]}]},{"@type":"BreadcrumbList","@id":"https:\/\/studiodelikatessen.art\/de\/#breadcrumb","itemListElement":[{"@type":"ListItem","position":1,"name":"Home","item":"https:\/\/studiodelikatessen.art\/de\/"},{"@type":"ListItem","position":2,"name":"Studio Delikatessen"}]},{"@type":"WebSite","@id":"https:\/\/studiodelikatessen.art\/#website","url":"https:\/\/studiodelikatessen.art\/","name":"Studiodelikatessen","description":"We Design and Produce Experiential Environments and Unique Objects for Brands and Cultural Events","publisher":{"@id":"https:\/\/studiodelikatessen.art\/#organization"},"potentialAction":[{"@type":"SearchAction","target":{"@type":"EntryPoint","urlTemplate":"https:\/\/studiodelikatessen.art\/?s={search_term_string}"},"query-input":{"@type":"PropertyValueSpecification","valueRequired":true,"valueName":"search_term_string"}}],"inLanguage":"de"},{"@type":"Organization","@id":"https:\/\/studiodelikatessen.art\/#organization","name":"Studiodelikatessen","url":"https:\/\/studiodelikatessen.art\/","logo":{"@type":"ImageObject","inLanguage":"de","@id":"https:\/\/studiodelikatessen.art\/#\/schema\/logo\/image\/","url":"https:\/\/studiodelikatessen.art\/wp-content\/uploads\/2021\/12\/logoSD-black.png","contentUrl":"https:\/\/studiodelikatessen.art\/wp-content\/uploads\/2021\/12\/logoSD-black.png","width":651,"height":114,"caption":"Studiodelikatessen"},"image":{"@id":"https:\/\/studiodelikatessen.art\/#\/schema\/logo\/image\/"}}]}},"_links":{"self":[{"href":"https:\/\/studiodelikatessen.art\/de\/wp-json\/wp\/v2\/pages\/5919","targetHints":{"allow":["GET"]}}],"collection":[{"href":"https:\/\/studiodelikatessen.art\/de\/wp-json\/wp\/v2\/pages"}],"about":[{"href":"https:\/\/studiodelikatessen.art\/de\/wp-json\/wp\/v2\/types\/page"}],"author":[{"embeddable":true,"href":"https:\/\/studiodelikatessen.art\/de\/wp-json\/wp\/v2\/users\/1"}],"replies":[{"embeddable":true,"href":"https:\/\/studiodelikatessen.art\/de\/wp-json\/wp\/v2\/comments?post=5919"}],"version-history":[{"count":12,"href":"https:\/\/studiodelikatessen.art\/de\/wp-json\/wp\/v2\/pages\/5919\/revisions"}],"predecessor-version":[{"id":6352,"href":"https:\/\/studiodelikatessen.art\/de\/wp-json\/wp\/v2\/pages\/5919\/revisions\/6352"}],"wp:attachment":[{"href":"https:\/\/studiodelikatessen.art\/de\/wp-json\/wp\/v2\/media?parent=5919"}],"curies":[{"name":"wp","href":"https:\/\/api.w.org\/{rel}","templated":true}]}}